{"id":221,"date":"2025-10-06T07:57:28","date_gmt":"2025-10-06T07:57:28","guid":{"rendered":"https:\/\/fire-covers.de\/?page_id=221"},"modified":"2026-03-20T08:45:27","modified_gmt":"2026-03-20T08:45:27","slug":"loesung-2","status":"publish","type":"page","link":"https:\/\/fire-covers.de\/en\/loesung-2\/","title":{"rendered":"Fire safety tests"},"content":{"rendered":"<style>.kb-row-layout-id221_506b59-de > .kt-row-column-wrap{align-content:start;}:where(.kb-row-layout-id221_506b59-de > .kt-row-column-wrap) > .wp-block-kadence-column{justify-content:start;}.kb-row-layout-id221_506b59-de > .kt-row-column-wrap{column-gap:var(--global-kb-gap-md, 2rem);row-gap:var(--global-kb-gap-md, 2rem);max-width:var( --global-content-width, 1290px );padding-left:var(--global-content-edge-padding);padding-right:var(--global-content-edge-padding);padding-top:22px;padding-bottom:52px;grid-template-columns:minmax(0, 1fr);}.kb-row-layout-id221_506b59-de{background-color:#333333;}.kb-row-layout-id221_506b59-de > .kt-row-layout-overlay{opacity:0.30;}@media all and (max-width: 1024px){.kb-row-layout-id221_506b59-de > .kt-row-column-wrap{grid-template-columns:minmax(0, 1fr);}}@media all and (max-width: 767px){.kb-row-layout-id221_506b59-de > .kt-row-column-wrap{grid-template-columns:minmax(0, 1fr);}}<\/style><div class=\"kb-row-layout-wrap kb-row-layout-id221_506b59-de alignfull kt-row-has-bg wp-block-kadence-rowlayout\"><div class=\"kt-row-column-wrap kt-has-1-columns kt-row-layout-equal kt-tab-layout-inherit kt-mobile-layout-row kt-row-valign-top kb-theme-content-width\">\n<style>.kadence-column221_14aaa9-6b > .kt-inside-inner-col,.kadence-column221_14aaa9-6b > .kt-inside-inner-col:before{border-top-left-radius:0px;border-top-right-radius:0px;border-bottom-right-radius:0px;border-bottom-left-radius:0px;}.kadence-column221_14aaa9-6b > .kt-inside-inner-col{column-gap:var(--global-kb-gap-sm, 1rem);}.kadence-column221_14aaa9-6b > .kt-inside-inner-col{flex-direction:column;}.kadence-column221_14aaa9-6b > .kt-inside-inner-col > .aligncenter{width:100%;}.kadence-column221_14aaa9-6b > .kt-inside-inner-col:before{opacity:0.3;}.kadence-column221_14aaa9-6b{position:relative;}@media all and (max-width: 1024px){.kadence-column221_14aaa9-6b > .kt-inside-inner-col{flex-direction:column;justify-content:center;}}@media all and (max-width: 767px){.kadence-column221_14aaa9-6b > .kt-inside-inner-col{flex-direction:column;justify-content:center;}}<\/style>\n<div class=\"wp-block-kadence-column kadence-column221_14aaa9-6b inner-column-1\"><div class=\"kt-inside-inner-col\"><style>.wp-block-kadence-advancedheading.kt-adv-heading221_880be4-27, .wp-block-kadence-advancedheading.kt-adv-heading221_880be4-27[data-kb-block=\"kb-adv-heading221_880be4-27\"]{text-align:left;font-size:var(--global-kb-font-size-xl, 3rem);font-style:normal;color:#eb1c24;background-color:#333333;}.wp-block-kadence-advancedheading.kt-adv-heading221_880be4-27 mark.kt-highlight, .wp-block-kadence-advancedheading.kt-adv-heading221_880be4-27[data-kb-block=\"kb-adv-heading221_880be4-27\"] mark.kt-highlight{font-style:normal;color:#f76a0c;-webkit-box-decoration-break:clone;box-decoration-break:clone;padding-top:0px;padding-right:0px;padding-bottom:0px;padding-left:0px;}.wp-block-kadence-advancedheading.kt-adv-heading221_880be4-27 img.kb-inline-image, .wp-block-kadence-advancedheading.kt-adv-heading221_880be4-27[data-kb-block=\"kb-adv-heading221_880be4-27\"] img.kb-inline-image{width:150px;vertical-align:baseline;}<\/style>\n<h2 class=\"kt-adv-heading221_880be4-27 wp-block-kadence-advancedheading\" data-kb-block=\"kb-adv-heading221_880be4-27\">TESTUNGEN F\u00dcR IHRE SICHERHEIT<\/h2>\n\n\n<style>.wp-block-kadence-advancedheading.kt-adv-heading221_143d08-ec, .wp-block-kadence-advancedheading.kt-adv-heading221_143d08-ec[data-kb-block=\"kb-adv-heading221_143d08-ec\"]{max-width:605px;text-align:left;font-style:normal;color:#ffffff;}.wp-block-kadence-advancedheading.kt-adv-heading221_143d08-ec mark.kt-highlight, .wp-block-kadence-advancedheading.kt-adv-heading221_143d08-ec[data-kb-block=\"kb-adv-heading221_143d08-ec\"] mark.kt-highlight{font-style:normal;color:#f76a0c;-webkit-box-decoration-break:clone;box-decoration-break:clone;padding-top:0px;padding-right:0px;padding-bottom:0px;padding-left:0px;}.wp-block-kadence-advancedheading.kt-adv-heading221_143d08-ec img.kb-inline-image, .wp-block-kadence-advancedheading.kt-adv-heading221_143d08-ec[data-kb-block=\"kb-adv-heading221_143d08-ec\"] img.kb-inline-image{width:150px;vertical-align:baseline;}<\/style>\n<p class=\"kt-adv-heading221_143d08-ec wp-block-kadence-advancedheading\" data-kb-block=\"kb-adv-heading221_143d08-ec\">Jede Herausforderung hat ihre L\u00f6sung: Ich entwickle sie mit Ihnen! <\/p>\n\n\n\n<p class=\"has-text-align-left has-theme-palette-9-color has-text-color has-link-color wp-elements-e2ac611c7d9c11413a2c3312165cbc9a\">Um die Qualit\u00e4t unserer Produkte zu pr\u00fcfen und ihre Funktionalit\u00e4t zu gew\u00e4hrleisten werden alle Produkte unter schwersten Bedingungen getestet. Im folgenden finden Sie einige Videos:<\/p>\n<\/div><\/div>\n\n\n<style>.kadence-column221_7b1cfc-7b > .kt-inside-inner-col,.kadence-column221_7b1cfc-7b > .kt-inside-inner-col:before{border-top-left-radius:0px;border-top-right-radius:0px;border-bottom-right-radius:0px;border-bottom-left-radius:0px;}.kadence-column221_7b1cfc-7b > .kt-inside-inner-col{column-gap:var(--global-kb-gap-sm, 1rem);}.kadence-column221_7b1cfc-7b > .kt-inside-inner-col{flex-direction:column;}.kadence-column221_7b1cfc-7b > .kt-inside-inner-col > .aligncenter{width:100%;}.kadence-column221_7b1cfc-7b > .kt-inside-inner-col:before{opacity:0.3;}.kadence-column221_7b1cfc-7b{position:relative;}@media all and (max-width: 1024px){.kadence-column221_7b1cfc-7b > .kt-inside-inner-col{flex-direction:column;justify-content:center;}}@media all and (max-width: 767px){.kadence-column221_7b1cfc-7b > .kt-inside-inner-col{flex-direction:column;justify-content:center;}}<\/style>\n<div class=\"wp-block-kadence-column kadence-column221_7b1cfc-7b\"><div class=\"kt-inside-inner-col\">\n<figure class=\"wp-block-embed is-type-video is-provider-youtube wp-block-embed-youtube wp-embed-aspect-16-9 wp-has-aspect-ratio\"><div class=\"wp-block-embed__wrapper\">\n<iframe loading=\"lazy\" title=\"FIRE IGLOO Forest fire protection\" width=\"720\" height=\"405\" src=\"https:\/\/www.youtube.com\/embed\/NU4oNdfqTuA?start=4&#038;feature=oembed\" frameborder=\"0\" allow=\"accelerometer; autoplay; clipboard-write; encrypted-media; gyroscope; picture-in-picture; web-share\" referrerpolicy=\"strict-origin-when-cross-origin\" allowfullscreen><\/iframe>\n<\/div><\/figure>\n\n\n\n<figure class=\"wp-block-embed is-type-video is-provider-youtube wp-block-embed-youtube wp-embed-aspect-16-9 wp-has-aspect-ratio\"><div class=\"wp-block-embed__wrapper\">\n<iframe loading=\"lazy\" title=\"FIRE IGLOO Fire protection against forest and bush fire - Field test 29.09.2015\" width=\"720\" height=\"405\" src=\"https:\/\/www.youtube.com\/embed\/y-5G4TMRQLQ?feature=oembed\" frameborder=\"0\" allow=\"accelerometer; autoplay; clipboard-write; encrypted-media; gyroscope; picture-in-picture; web-share\" referrerpolicy=\"strict-origin-when-cross-origin\" allowfullscreen><\/iframe>\n<\/div><\/figure>\n<\/div><\/div>\n\n<\/div><\/div>\n\n<style>.kadence-column221_09f18a-c1 > .kt-inside-inner-col,.kadence-column221_09f18a-c1 > .kt-inside-inner-col:before{border-top-left-radius:0px;border-top-right-radius:0px;border-bottom-right-radius:0px;border-bottom-left-radius:0px;}.kadence-column221_09f18a-c1 > .kt-inside-inner-col{column-gap:var(--global-kb-gap-sm, 1rem);}.kadence-column221_09f18a-c1 > .kt-inside-inner-col{flex-direction:column;}.kadence-column221_09f18a-c1 > .kt-inside-inner-col > .aligncenter{width:100%;}.kadence-column221_09f18a-c1 > .kt-inside-inner-col:before{opacity:0.3;}.kadence-column221_09f18a-c1{position:relative;}@media all and (max-width: 1024px){.kadence-column221_09f18a-c1 > .kt-inside-inner-col{flex-direction:column;justify-content:center;}}@media all and (max-width: 767px){.kadence-column221_09f18a-c1 > .kt-inside-inner-col{flex-direction:column;justify-content:center;}}<\/style>\n<div class=\"wp-block-kadence-column kadence-column221_09f18a-c1\"><div class=\"kt-inside-inner-col\">\n<div class=\"wp-block-columns is-layout-flex wp-container-core-columns-is-layout-9d6595d7 wp-block-columns-is-layout-flex\">\n<div class=\"wp-block-column is-layout-flow wp-block-column-is-layout-flow\">\n<figure class=\"wp-block-video\"><video height=\"480\" style=\"aspect-ratio: 848 \/ 480;\" width=\"848\" controls src=\"https:\/\/fire-covers.de\/wp-content\/uploads\/2025\/10\/Materialtest-Brandschutzmatte-2.mp4\"><\/video><\/figure>\n<\/div>\n\n\n\n<div class=\"wp-block-column is-layout-flow wp-block-column-is-layout-flow\">\n<figure class=\"wp-block-video\"><video height=\"480\" style=\"aspect-ratio: 848 \/ 480;\" width=\"848\" controls src=\"https:\/\/fire-covers.de\/wp-content\/uploads\/2025\/10\/Materialtest-Brandschutzmatte.mp4\"><\/video><\/figure>\n<\/div>\n<\/div>\n<\/div><\/div>\n","protected":false},"excerpt":{"rendered":"<p>TESTUNGEN F\u00dcR IHRE SICHERHEIT Jede Herausforderung hat ihre L\u00f6sung: Ich entwickle sie mit Ihnen! Um die Qualit\u00e4t unserer Produkte zu pr\u00fcfen und ihre Funktionalit\u00e4t zu gew\u00e4hrleisten werden alle Produkte unter schwersten Bedingungen getestet. Im folgenden finden Sie einige Videos:<\/p>","protected":false},"author":1,"featured_media":0,"parent":0,"menu_order":0,"comment_status":"closed","ping_status":"closed","template":"","meta":{"_kadence_starter_templates_imported_post":false,"_kad_post_transparent":"","_kad_post_title":"hide","_kad_post_layout":"fullwidth","_kad_post_sidebar_id":"","_kad_post_content_style":"","_kad_post_vertical_padding":"default","_kad_post_feature":"hide","_kad_post_feature_position":"","_kad_post_header":false,"_kad_post_footer":true,"_kad_post_classname":"","footnotes":""},"class_list":["post-221","page","type-page","status-publish","hentry"],"featured_image_src":null,"yoast_head":"<!-- This site is optimized with the Yoast SEO plugin v27.5 - https:\/\/yoast.com\/product\/yoast-seo-wordpress\/ -->\n<title>Brandschutztests - FireCovers<\/title>\n<meta name=\"robots\" content=\"index, follow, max-snippet:-1, max-image-preview:large, max-video-preview:-1\" \/>\n<link rel=\"canonical\" href=\"https:\/\/fire-covers.de\/en\/loesung-2\/\" \/>\n<meta property=\"og:locale\" content=\"en_US\" \/>\n<meta property=\"og:type\" content=\"article\" \/>\n<meta property=\"og:title\" content=\"Brandschutztests - FireCovers\" \/>\n<meta property=\"og:description\" content=\"TESTUNGEN F\u00dcR IHRE SICHERHEIT Jede Herausforderung hat ihre L\u00f6sung: Ich entwickle sie mit Ihnen! Um die Qualit\u00e4t unserer Produkte zu pr\u00fcfen und ihre Funktionalit\u00e4t zu gew\u00e4hrleisten werden alle Produkte unter schwersten Bedingungen getestet. Im folgenden finden Sie einige Videos:\" \/>\n<meta property=\"og:url\" content=\"https:\/\/fire-covers.de\/en\/loesung-2\/\" \/>\n<meta property=\"og:site_name\" content=\"FireCovers\" \/>\n<meta property=\"article:modified_time\" content=\"2026-03-20T08:45:27+00:00\" \/>\n<meta name=\"twitter:card\" content=\"summary_large_image\" \/>\n<meta name=\"twitter:label1\" content=\"Est. reading time\" \/>\n\t<meta name=\"twitter:data1\" content=\"1 minute\" \/>\n<script type=\"application\/ld+json\" class=\"yoast-schema-graph\">{\"@context\":\"https:\\\/\\\/schema.org\",\"@graph\":[{\"@type\":\"WebPage\",\"@id\":\"https:\\\/\\\/fire-covers.de\\\/loesung-2\\\/\",\"url\":\"https:\\\/\\\/fire-covers.de\\\/loesung-2\\\/\",\"name\":\"Brandschutztests - FireCovers\",\"isPartOf\":{\"@id\":\"https:\\\/\\\/wolfgang-lfhzikgbt3.live-website.com\\\/#website\"},\"datePublished\":\"2025-10-06T07:57:28+00:00\",\"dateModified\":\"2026-03-20T08:45:27+00:00\",\"breadcrumb\":{\"@id\":\"https:\\\/\\\/fire-covers.de\\\/loesung-2\\\/#breadcrumb\"},\"inLanguage\":\"en-US\",\"potentialAction\":[{\"@type\":\"ReadAction\",\"target\":[\"https:\\\/\\\/fire-covers.de\\\/loesung-2\\\/\"]}]},{\"@type\":\"BreadcrumbList\",\"@id\":\"https:\\\/\\\/fire-covers.de\\\/loesung-2\\\/#breadcrumb\",\"itemListElement\":[{\"@type\":\"ListItem\",\"position\":1,\"name\":\"Startseite\",\"item\":\"https:\\\/\\\/fire-covers.de\\\/\"},{\"@type\":\"ListItem\",\"position\":2,\"name\":\"Brandschutztests\"}]},{\"@type\":\"WebSite\",\"@id\":\"https:\\\/\\\/wolfgang-lfhzikgbt3.live-website.com\\\/#website\",\"url\":\"https:\\\/\\\/wolfgang-lfhzikgbt3.live-website.com\\\/\",\"name\":\"FireCovers\",\"description\":\"Innovation - Solution - Protection - Manufrakture\",\"publisher\":{\"@id\":\"https:\\\/\\\/wolfgang-lfhzikgbt3.live-website.com\\\/#organization\"},\"potentialAction\":[{\"@type\":\"SearchAction\",\"target\":{\"@type\":\"EntryPoint\",\"urlTemplate\":\"https:\\\/\\\/wolfgang-lfhzikgbt3.live-website.com\\\/?s={search_term_string}\"},\"query-input\":{\"@type\":\"PropertyValueSpecification\",\"valueRequired\":true,\"valueName\":\"search_term_string\"}}],\"inLanguage\":\"en-US\"},{\"@type\":\"Organization\",\"@id\":\"https:\\\/\\\/wolfgang-lfhzikgbt3.live-website.com\\\/#organization\",\"name\":\"FireCovers\",\"url\":\"https:\\\/\\\/wolfgang-lfhzikgbt3.live-website.com\\\/\",\"logo\":{\"@type\":\"ImageObject\",\"inLanguage\":\"en-US\",\"@id\":\"https:\\\/\\\/wolfgang-lfhzikgbt3.live-website.com\\\/#\\\/schema\\\/logo\\\/image\\\/\",\"url\":\"https:\\\/\\\/fire-covers.de\\\/wp-content\\\/uploads\\\/2025\\\/09\\\/Fire-Covers-Final2-1.jpg\",\"contentUrl\":\"https:\\\/\\\/fire-covers.de\\\/wp-content\\\/uploads\\\/2025\\\/09\\\/Fire-Covers-Final2-1.jpg\",\"width\":1600,\"height\":511,\"caption\":\"FireCovers\"},\"image\":{\"@id\":\"https:\\\/\\\/wolfgang-lfhzikgbt3.live-website.com\\\/#\\\/schema\\\/logo\\\/image\\\/\"}}]}<\/script>\n<!-- \/ Yoast SEO plugin. -->","yoast_head_json":{"title":"Brandschutztests - FireCovers","robots":{"index":"index","follow":"follow","max-snippet":"max-snippet:-1","max-image-preview":"max-image-preview:large","max-video-preview":"max-video-preview:-1"},"canonical":"https:\/\/fire-covers.de\/en\/loesung-2\/","og_locale":"en_US","og_type":"article","og_title":"Brandschutztests - FireCovers","og_description":"TESTUNGEN F\u00dcR IHRE SICHERHEIT Jede Herausforderung hat ihre L\u00f6sung: Ich entwickle sie mit Ihnen! Um die Qualit\u00e4t unserer Produkte zu pr\u00fcfen und ihre Funktionalit\u00e4t zu gew\u00e4hrleisten werden alle Produkte unter schwersten Bedingungen getestet. Im folgenden finden Sie einige Videos:","og_url":"https:\/\/fire-covers.de\/en\/loesung-2\/","og_site_name":"FireCovers","article_modified_time":"2026-03-20T08:45:27+00:00","twitter_card":"summary_large_image","twitter_misc":{"Est. reading time":"1 minute"},"schema":{"@context":"https:\/\/schema.org","@graph":[{"@type":"WebPage","@id":"https:\/\/fire-covers.de\/loesung-2\/","url":"https:\/\/fire-covers.de\/loesung-2\/","name":"Brandschutztests - FireCovers","isPartOf":{"@id":"https:\/\/wolfgang-lfhzikgbt3.live-website.com\/#website"},"datePublished":"2025-10-06T07:57:28+00:00","dateModified":"2026-03-20T08:45:27+00:00","breadcrumb":{"@id":"https:\/\/fire-covers.de\/loesung-2\/#breadcrumb"},"inLanguage":"en-US","potentialAction":[{"@type":"ReadAction","target":["https:\/\/fire-covers.de\/loesung-2\/"]}]},{"@type":"BreadcrumbList","@id":"https:\/\/fire-covers.de\/loesung-2\/#breadcrumb","itemListElement":[{"@type":"ListItem","position":1,"name":"Startseite","item":"https:\/\/fire-covers.de\/"},{"@type":"ListItem","position":2,"name":"Brandschutztests"}]},{"@type":"WebSite","@id":"https:\/\/wolfgang-lfhzikgbt3.live-website.com\/#website","url":"https:\/\/wolfgang-lfhzikgbt3.live-website.com\/","name":"FireCovers","description":"Innovation - Solution - Protection - Manufrakture","publisher":{"@id":"https:\/\/wolfgang-lfhzikgbt3.live-website.com\/#organization"},"potentialAction":[{"@type":"SearchAction","target":{"@type":"EntryPoint","urlTemplate":"https:\/\/wolfgang-lfhzikgbt3.live-website.com\/?s={search_term_string}"},"query-input":{"@type":"PropertyValueSpecification","valueRequired":true,"valueName":"search_term_string"}}],"inLanguage":"en-US"},{"@type":"Organization","@id":"https:\/\/wolfgang-lfhzikgbt3.live-website.com\/#organization","name":"FireCovers","url":"https:\/\/wolfgang-lfhzikgbt3.live-website.com\/","logo":{"@type":"ImageObject","inLanguage":"en-US","@id":"https:\/\/wolfgang-lfhzikgbt3.live-website.com\/#\/schema\/logo\/image\/","url":"https:\/\/fire-covers.de\/wp-content\/uploads\/2025\/09\/Fire-Covers-Final2-1.jpg","contentUrl":"https:\/\/fire-covers.de\/wp-content\/uploads\/2025\/09\/Fire-Covers-Final2-1.jpg","width":1600,"height":511,"caption":"FireCovers"},"image":{"@id":"https:\/\/wolfgang-lfhzikgbt3.live-website.com\/#\/schema\/logo\/image\/"}}]}},"_links":{"self":[{"href":"https:\/\/fire-covers.de\/en\/wp-json\/wp\/v2\/pages\/221","targetHints":{"allow":["GET"]}}],"collection":[{"href":"https:\/\/fire-covers.de\/en\/wp-json\/wp\/v2\/pages"}],"about":[{"href":"https:\/\/fire-covers.de\/en\/wp-json\/wp\/v2\/types\/page"}],"author":[{"embeddable":true,"href":"https:\/\/fire-covers.de\/en\/wp-json\/wp\/v2\/users\/1"}],"replies":[{"embeddable":true,"href":"https:\/\/fire-covers.de\/en\/wp-json\/wp\/v2\/comments?post=221"}],"version-history":[{"count":5,"href":"https:\/\/fire-covers.de\/en\/wp-json\/wp\/v2\/pages\/221\/revisions"}],"predecessor-version":[{"id":517,"href":"https:\/\/fire-covers.de\/en\/wp-json\/wp\/v2\/pages\/221\/revisions\/517"}],"wp:attachment":[{"href":"https:\/\/fire-covers.de\/en\/wp-json\/wp\/v2\/media?parent=221"}],"curies":[{"name":"wp","href":"https:\/\/api.w.org\/{rel}","templated":true}]}}