{"id":408,"date":"2026-03-19T07:53:29","date_gmt":"2026-03-19T07:53:29","guid":{"rendered":"https:\/\/fire-covers.de\/?page_id=408"},"modified":"2026-03-20T08:39:59","modified_gmt":"2026-03-20T08:39:59","slug":"psa-persoenliche-schutzausruestung","status":"publish","type":"page","link":"https:\/\/fire-covers.de\/en\/psa-persoenliche-schutzausruestung\/","title":{"rendered":"PPA - PERSONAL PROTECTIVE EQUIPMENT"},"content":{"rendered":"\n<div class=\"wp-block-group alignfull has-theme-palette-7-background-color has-background\" style=\"margin-top:0;margin-bottom:0;padding-top:2vw;padding-right:6vw;padding-bottom:2vw;padding-left:6vw\"><div class=\"wp-block-group__inner-container is-layout-flow wp-block-group-is-layout-flow\">\n<div class=\"wp-block-group\" style=\"border-style:none;border-width:0px;min-height:0px;padding-top:0;padding-right:0;padding-bottom:0;padding-left:0\"><div class=\"wp-block-group__inner-container is-layout-constrained wp-container-core-group-is-layout-4927a226 wp-block-group-is-layout-constrained\">\n<h6 class=\"wp-block-heading has-theme-palette-3-color has-text-color\" id=\"ecosystem\" style=\"margin-right:var(--wp--preset--spacing--60);margin-left:var(--wp--preset--spacing--60);font-size:16px\">INNOVATIV GEDACHT &#8211; <strong>f\u00fcr den Eigenschutz<\/strong><\/h6>\n\n\n\n<p class=\"has-theme-palette-3-color has-text-color\" style=\"margin-right:var(--wp--preset--spacing--60);margin-left:var(--wp--preset--spacing--60);font-size:2.5vw;font-style:normal;font-weight:700;letter-spacing:0px;line-height:0.9;text-decoration:none;text-transform:none\">PSA -PERS\u00d6NLICHE SCHUTZAUSR\u00dcSTUNG<\/p>\n\n\n\n<p class=\"has-theme-palette-3-color has-text-color has-link-color wp-elements-556f76aaeb5b35bcb2b1cc9283186ab9\" style=\"margin-right:var(--wp--preset--spacing--60);margin-left:var(--wp--preset--spacing--60)\">Privat und Gewerbe<\/p>\n\n\n\n<div style=\"height:1vw\" aria-hidden=\"true\" class=\"wp-block-spacer\"><\/div>\n<\/div><\/div>\n\n\n\n<div class=\"wp-block-columns is-layout-flex wp-container-core-columns-is-layout-9d6595d7 wp-block-columns-is-layout-flex\">\n<div class=\"wp-block-column is-layout-flow wp-block-column-is-layout-flow\"><style>.kb-row-layout-id408_49ac68-65 > .kt-row-column-wrap{align-content:center;}:where(.kb-row-layout-id408_49ac68-65 > .kt-row-column-wrap) > .wp-block-kadence-column{justify-content:center;}.kb-row-layout-id408_49ac68-65 > .kt-row-column-wrap{column-gap:var(--global-kb-gap-md, 2rem);row-gap:var(--global-kb-gap-md, 2rem);max-width:var( --global-content-width, 1290px );padding-left:var(--global-content-edge-padding);padding-right:var(--global-content-edge-padding);padding-top:var(--global-kb-spacing-xs, 1rem);padding-bottom:var(--global-kb-spacing-lg, 3rem);grid-template-columns:repeat(2, minmax(0, 1fr));}.kb-row-layout-id408_49ac68-65 > .kt-row-layout-overlay{opacity:0.30;}@media all and (max-width: 1024px){.kb-row-layout-id408_49ac68-65 > .kt-row-column-wrap{grid-template-columns:repeat(2, minmax(0, 1fr));}}@media all and (max-width: 767px){.kb-row-layout-id408_49ac68-65 > .kt-row-column-wrap{grid-template-columns:minmax(0, 1fr);}}<\/style><div class=\"kb-row-layout-wrap kb-row-layout-id408_49ac68-65 alignfull has-theme-palette9-background-color kt-row-has-bg wp-block-kadence-rowlayout\"><div class=\"kt-row-column-wrap kt-has-2-columns kt-row-layout-equal kt-tab-layout-inherit kt-mobile-layout-row kt-row-valign-middle kt-inner-column-height-full kb-theme-content-width\">\n<style>.kadence-column408_133048-45 > .kt-inside-inner-col{display:flex;}.kadence-column408_133048-45 > .kt-inside-inner-col{padding-top:var(--global-kb-spacing-md, 2rem);padding-right:var(--global-kb-spacing-md, 2rem);padding-bottom:var(--global-kb-spacing-md, 2rem);padding-left:var(--global-kb-spacing-md, 2rem);}.kadence-column408_133048-45 > .kt-inside-inner-col,.kadence-column408_133048-45 > .kt-inside-inner-col:before{border-top-left-radius:0px;border-top-right-radius:0px;border-bottom-right-radius:0px;border-bottom-left-radius:0px;}.kadence-column408_133048-45 > .kt-inside-inner-col{column-gap:var(--global-kb-gap-sm, 1rem);}.kadence-column408_133048-45 > .kt-inside-inner-col{flex-direction:column;justify-content:center;}.kadence-column408_133048-45 > .kt-inside-inner-col > .aligncenter{width:100%;}.kt-row-column-wrap > .kadence-column408_133048-45{align-self:center;}.kt-inner-column-height-full:not(.kt-has-1-columns) > .wp-block-kadence-column.kadence-column408_133048-45{align-self:auto;}.kt-inner-column-height-full:not(.kt-has-1-columns) > .wp-block-kadence-column.kadence-column408_133048-45 > .kt-inside-inner-col{flex-direction:column;justify-content:center;}.kadence-column408_133048-45 > .kt-inside-inner-col:before{opacity:0.6;background-color:var(--global-palette9, #ffffff);}.kadence-column408_133048-45{position:relative;}@media all and (max-width: 1024px){.kt-row-column-wrap > .kadence-column408_133048-45{align-self:center;}}@media all and (max-width: 1024px){.kt-inner-column-height-full:not(.kt-has-1-columns) > .wp-block-kadence-column.kadence-column408_133048-45{align-self:auto;}}@media all and (max-width: 1024px){.kt-inner-column-height-full:not(.kt-has-1-columns) > .wp-block-kadence-column.kadence-column408_133048-45 > .kt-inside-inner-col{flex-direction:column;justify-content:center;}}@media all and (max-width: 1024px){.kadence-column408_133048-45 > .kt-inside-inner-col{flex-direction:column;justify-content:center;}}@media all and (max-width: 767px){.kt-row-column-wrap > .kadence-column408_133048-45{align-self:center;}.kt-inner-column-height-full:not(.kt-has-1-columns) > .wp-block-kadence-column.kadence-column408_133048-45{align-self:auto;}.kt-inner-column-height-full:not(.kt-has-1-columns) > .wp-block-kadence-column.kadence-column408_133048-45 > .kt-inside-inner-col{flex-direction:column;justify-content:center;}.kadence-column408_133048-45 > .kt-inside-inner-col{flex-direction:column;justify-content:center;}}<\/style>\n<div class=\"wp-block-kadence-column kadence-column408_133048-45 kb-section-has-overlay\"><div class=\"kt-inside-inner-col\"><style>.wp-block-kadence-advancedheading.kt-adv-heading408_c155c8-ad, .wp-block-kadence-advancedheading.kt-adv-heading408_c155c8-ad[data-kb-block=\"kb-adv-heading408_c155c8-ad\"]{text-align:left;font-style:normal;text-transform:none;}.wp-block-kadence-advancedheading.kt-adv-heading408_c155c8-ad mark.kt-highlight, .wp-block-kadence-advancedheading.kt-adv-heading408_c155c8-ad[data-kb-block=\"kb-adv-heading408_c155c8-ad\"] mark.kt-highlight{font-style:normal;color:#f76a0c;-webkit-box-decoration-break:clone;box-decoration-break:clone;padding-top:0px;padding-right:0px;padding-bottom:0px;padding-left:0px;}.wp-block-kadence-advancedheading.kt-adv-heading408_c155c8-ad img.kb-inline-image, .wp-block-kadence-advancedheading.kt-adv-heading408_c155c8-ad[data-kb-block=\"kb-adv-heading408_c155c8-ad\"] img.kb-inline-image{width:150px;vertical-align:baseline;}<\/style>\n<p class=\"kt-adv-heading408_c155c8-ad wp-block-kadence-advancedheading has-theme-palette-5-color has-text-color\" data-kb-block=\"kb-adv-heading408_c155c8-ad\"><strong>Pers\u00f6nlicher Schutz mit uns<br><\/strong><br>Viel zu oft l\u00e4sst man den pers\u00f6nlichen Eigenschutz unbeachtet: nicht mit uns!<\/p>\n\n\n\n<p class=\"has-theme-palette-5-color has-text-color has-link-color wp-elements-d0bc2efe36a0c065e865ba69d7283aa9\">Wir bieten Ihnen mit unserem <strong>PSA<\/strong> <strong>\u00dcberwurf\/ Poncho<\/strong> in drei Varianten den bestm\u00f6glichen Schutz: Tarndecke (einfach) &#8211; Tarndecke (mit Hitzeabschirmung) &#8211; Tarndecke (mit EFM Abschirmung) <\/p>\n\n\n\n<p class=\"has-theme-palette-5-color has-text-color has-link-color wp-elements-d70c7f45e5ba2f3ac7cd05b01e16f1b4\">Au\u00dferdem bietet unser <strong>PSA Schutz f\u00fcr Hand\/ Haut<\/strong> speziell f\u00fcr die<strong> Gastronomie<\/strong> entwickelt und patentiert einen besonderen Schutz in diesem Bereich.<\/p>\n<\/div><\/div>\n\n\n<style>.kadence-column408_06ff13-82 > .kt-inside-inner-col,.kadence-column408_06ff13-82 > .kt-inside-inner-col:before{border-top-left-radius:0px;border-top-right-radius:0px;border-bottom-right-radius:0px;border-bottom-left-radius:0px;}.kadence-column408_06ff13-82 > .kt-inside-inner-col{column-gap:var(--global-kb-gap-sm, 1rem);}.kadence-column408_06ff13-82 > .kt-inside-inner-col{flex-direction:column;}.kadence-column408_06ff13-82 > .kt-inside-inner-col > .aligncenter{width:100%;}.kadence-column408_06ff13-82 > .kt-inside-inner-col:before{opacity:0.3;}.kadence-column408_06ff13-82{position:relative;}@media all and (max-width: 1024px){.kadence-column408_06ff13-82 > .kt-inside-inner-col{flex-direction:column;justify-content:center;}}@media all and (max-width: 767px){.kadence-column408_06ff13-82 > .kt-inside-inner-col{flex-direction:column;justify-content:center;}}<\/style>\n<div class=\"wp-block-kadence-column kadence-column408_06ff13-82\"><div class=\"kt-inside-inner-col\"><style>.kb-image408_53f798-86 .kb-image-has-overlay:after{opacity:0.3;}<\/style>\n<figure class=\"wp-block-kadence-image kb-image408_53f798-86 size-full kb-image-is-ratio-size\"><div class=\"kb-is-ratio-image kb-image-ratio-land43\"><img loading=\"lazy\" decoding=\"async\" width=\"1600\" height=\"1200\" src=\"https:\/\/fire-covers.de\/wp-content\/uploads\/2025\/10\/IMG-20250922-WA0011.jpg\" alt=\"\" class=\"kb-img wp-image-289\"\/><\/div><\/figure>\n<\/div><\/div>\n\n<\/div><\/div><\/div>\n<\/div>\n\n\n\n<hr class=\"wp-block-separator has-text-color has-theme-palette-13-color has-alpha-channel-opacity has-theme-palette-13-background-color has-background is-style-wide\" style=\"margin-top:0;margin-bottom:0\"\/>\n<\/div><\/div>\n\n\n\n<div class=\"wp-block-group alignfull is-style-ext-preset--group--natural-1--section has-background-background-color has-background\" style=\"margin-top:0;margin-bottom:0;padding-top:var(--wp--preset--spacing--70);padding-bottom:var(--wp--preset--spacing--70)\"><div class=\"wp-block-group__inner-container is-layout-constrained wp-block-group-is-layout-constrained\"><div class=\"wp-block-image ext-animate--on wp-duotone-varpresetduotoneprimary-foreground-1\">\n<figure class=\"aligncenter size-full is-resized\"><img loading=\"lazy\" decoding=\"async\" width=\"401\" height=\"482\" src=\"https:\/\/fire-covers.de\/wp-content\/uploads\/2025\/09\/cropped-Fire-Covers-Final2-1-e1773652648884.jpg\" alt=\"Fire Covers Aurich Deutschland Feuerschutz Brandschutzmatten Innovation\" class=\"wp-image-20\" style=\"width:115px;height:auto\" srcset=\"https:\/\/fire-covers.de\/wp-content\/uploads\/2025\/09\/cropped-Fire-Covers-Final2-1-e1773652648884.jpg 401w, https:\/\/fire-covers.de\/wp-content\/uploads\/2025\/09\/cropped-Fire-Covers-Final2-1-e1773652648884-250x300.jpg 250w\" sizes=\"auto, (max-width: 401px) 100vw, 401px\" \/><\/figure>\n<\/div>\n\n\n<div class=\"wp-block-group\"><div class=\"wp-block-group__inner-container is-layout-constrained wp-block-group-is-layout-constrained\">\n<h2 class=\"wp-block-heading has-text-align-center ext-animate--on has-x-large-font-size\"><a href=\"https:\/\/fire-covers.de\/kontakt\/\" type=\"page\" id=\"26\">Sie interessieren Sich f\u00fcr mehr Sicherheit?<\/a><\/h2>\n\n\n\n<p class=\"has-text-align-center ext-animate--on\" style=\"margin-top:1.5rem\"><a href=\"https:\/\/fire-covers.de\/kontakt\/\" type=\"page\" id=\"26\">Hier finden Sie den Weg zu Uns!<\/a><\/p>\n<\/div><\/div>\n<\/div><\/div>\n\n\n\n<p><\/p>\n","protected":false},"excerpt":{"rendered":"<p>INNOVATIV GEDACHT &#8211; f\u00fcr den Eigenschutz PSA -PERS\u00d6NLICHE SCHUTZAUSR\u00dcSTUNG Privat und Gewerbe Pers\u00f6nlicher Schutz mit unsViel zu oft l\u00e4sst man den pers\u00f6nlichen Eigenschutz unbeachtet: nicht mit uns! Wir bieten Ihnen mit unserem PSA \u00dcberwurf\/ Poncho in drei Varianten den bestm\u00f6glichen Schutz: Tarndecke (einfach) &#8211; Tarndecke (mit Hitzeabschirmung) &#8211; Tarndecke (mit EFM Abschirmung) Au\u00dferdem bietet unser&#8230;<\/p>","protected":false},"author":1,"featured_media":0,"parent":0,"menu_order":0,"comment_status":"closed","ping_status":"closed","template":"","meta":{"_kadence_starter_templates_imported_post":false,"_kad_post_transparent":"default","_kad_post_title":"hide","_kad_post_layout":"default","_kad_post_sidebar_id":"","_kad_post_content_style":"","_kad_post_vertical_padding":"","_kad_post_feature":"","_kad_post_feature_position":"","_kad_post_header":false,"_kad_post_footer":false,"_kad_post_classname":"","footnotes":""},"class_list":["post-408","page","type-page","status-publish","hentry"],"featured_image_src":null,"yoast_head":"<!-- This site is optimized with the Yoast SEO plugin v27.5 - https:\/\/yoast.com\/product\/yoast-seo-wordpress\/ -->\n<title>PSA -PERS\u00d6NLICHE SCHUTZAUSR\u00dcSTUNG - FireCovers<\/title>\n<meta name=\"robots\" content=\"index, follow, max-snippet:-1, max-image-preview:large, max-video-preview:-1\" \/>\n<link rel=\"canonical\" href=\"https:\/\/fire-covers.de\/en\/psa-persoenliche-schutzausruestung\/\" \/>\n<meta property=\"og:locale\" content=\"en_US\" \/>\n<meta property=\"og:type\" content=\"article\" \/>\n<meta property=\"og:title\" content=\"PSA -PERS\u00d6NLICHE SCHUTZAUSR\u00dcSTUNG - FireCovers\" \/>\n<meta property=\"og:description\" content=\"INNOVATIV GEDACHT &#8211; f\u00fcr den Eigenschutz PSA -PERS\u00d6NLICHE SCHUTZAUSR\u00dcSTUNG Privat und Gewerbe Pers\u00f6nlicher Schutz mit unsViel zu oft l\u00e4sst man den pers\u00f6nlichen Eigenschutz unbeachtet: nicht mit uns! Wir bieten Ihnen mit unserem PSA \u00dcberwurf\/ Poncho in drei Varianten den bestm\u00f6glichen Schutz: Tarndecke (einfach) &#8211; Tarndecke (mit Hitzeabschirmung) &#8211; Tarndecke (mit EFM Abschirmung) Au\u00dferdem bietet unser...\" \/>\n<meta property=\"og:url\" content=\"https:\/\/fire-covers.de\/en\/psa-persoenliche-schutzausruestung\/\" \/>\n<meta property=\"og:site_name\" content=\"FireCovers\" \/>\n<meta property=\"article:modified_time\" content=\"2026-03-20T08:39:59+00:00\" \/>\n<meta property=\"og:image\" content=\"https:\/\/fire-covers.de\/wp-content\/uploads\/2025\/10\/IMG-20250922-WA0011.jpg\" \/>\n\t<meta property=\"og:image:width\" content=\"1600\" \/>\n\t<meta property=\"og:image:height\" content=\"1200\" \/>\n\t<meta property=\"og:image:type\" content=\"image\/jpeg\" \/>\n<meta name=\"twitter:card\" content=\"summary_large_image\" \/>\n<meta name=\"twitter:label1\" content=\"Est. reading time\" \/>\n\t<meta name=\"twitter:data1\" content=\"1 minute\" \/>\n<script type=\"application\/ld+json\" class=\"yoast-schema-graph\">{\"@context\":\"https:\\\/\\\/schema.org\",\"@graph\":[{\"@type\":\"WebPage\",\"@id\":\"https:\\\/\\\/fire-covers.de\\\/psa-persoenliche-schutzausruestung\\\/\",\"url\":\"https:\\\/\\\/fire-covers.de\\\/psa-persoenliche-schutzausruestung\\\/\",\"name\":\"PSA -PERS\u00d6NLICHE SCHUTZAUSR\u00dcSTUNG - FireCovers\",\"isPartOf\":{\"@id\":\"https:\\\/\\\/wolfgang-lfhzikgbt3.live-website.com\\\/#website\"},\"primaryImageOfPage\":{\"@id\":\"https:\\\/\\\/fire-covers.de\\\/psa-persoenliche-schutzausruestung\\\/#primaryimage\"},\"image\":{\"@id\":\"https:\\\/\\\/fire-covers.de\\\/psa-persoenliche-schutzausruestung\\\/#primaryimage\"},\"thumbnailUrl\":\"https:\\\/\\\/fire-covers.de\\\/wp-content\\\/uploads\\\/2025\\\/10\\\/IMG-20250922-WA0011.jpg\",\"datePublished\":\"2026-03-19T07:53:29+00:00\",\"dateModified\":\"2026-03-20T08:39:59+00:00\",\"breadcrumb\":{\"@id\":\"https:\\\/\\\/fire-covers.de\\\/psa-persoenliche-schutzausruestung\\\/#breadcrumb\"},\"inLanguage\":\"en-US\",\"potentialAction\":[{\"@type\":\"ReadAction\",\"target\":[\"https:\\\/\\\/fire-covers.de\\\/psa-persoenliche-schutzausruestung\\\/\"]}]},{\"@type\":\"ImageObject\",\"inLanguage\":\"en-US\",\"@id\":\"https:\\\/\\\/fire-covers.de\\\/psa-persoenliche-schutzausruestung\\\/#primaryimage\",\"url\":\"https:\\\/\\\/fire-covers.de\\\/wp-content\\\/uploads\\\/2025\\\/10\\\/IMG-20250922-WA0011.jpg\",\"contentUrl\":\"https:\\\/\\\/fire-covers.de\\\/wp-content\\\/uploads\\\/2025\\\/10\\\/IMG-20250922-WA0011.jpg\"},{\"@type\":\"BreadcrumbList\",\"@id\":\"https:\\\/\\\/fire-covers.de\\\/psa-persoenliche-schutzausruestung\\\/#breadcrumb\",\"itemListElement\":[{\"@type\":\"ListItem\",\"position\":1,\"name\":\"Startseite\",\"item\":\"https:\\\/\\\/fire-covers.de\\\/\"},{\"@type\":\"ListItem\",\"position\":2,\"name\":\"PSA -PERS\u00d6NLICHE SCHUTZAUSR\u00dcSTUNG\"}]},{\"@type\":\"WebSite\",\"@id\":\"https:\\\/\\\/wolfgang-lfhzikgbt3.live-website.com\\\/#website\",\"url\":\"https:\\\/\\\/wolfgang-lfhzikgbt3.live-website.com\\\/\",\"name\":\"FireCovers\",\"description\":\"Innovation - Solution - Protection - Manufrakture\",\"publisher\":{\"@id\":\"https:\\\/\\\/wolfgang-lfhzikgbt3.live-website.com\\\/#organization\"},\"potentialAction\":[{\"@type\":\"SearchAction\",\"target\":{\"@type\":\"EntryPoint\",\"urlTemplate\":\"https:\\\/\\\/wolfgang-lfhzikgbt3.live-website.com\\\/?s={search_term_string}\"},\"query-input\":{\"@type\":\"PropertyValueSpecification\",\"valueRequired\":true,\"valueName\":\"search_term_string\"}}],\"inLanguage\":\"en-US\"},{\"@type\":\"Organization\",\"@id\":\"https:\\\/\\\/wolfgang-lfhzikgbt3.live-website.com\\\/#organization\",\"name\":\"FireCovers\",\"url\":\"https:\\\/\\\/wolfgang-lfhzikgbt3.live-website.com\\\/\",\"logo\":{\"@type\":\"ImageObject\",\"inLanguage\":\"en-US\",\"@id\":\"https:\\\/\\\/wolfgang-lfhzikgbt3.live-website.com\\\/#\\\/schema\\\/logo\\\/image\\\/\",\"url\":\"https:\\\/\\\/fire-covers.de\\\/wp-content\\\/uploads\\\/2025\\\/09\\\/Fire-Covers-Final2-1.jpg\",\"contentUrl\":\"https:\\\/\\\/fire-covers.de\\\/wp-content\\\/uploads\\\/2025\\\/09\\\/Fire-Covers-Final2-1.jpg\",\"width\":1600,\"height\":511,\"caption\":\"FireCovers\"},\"image\":{\"@id\":\"https:\\\/\\\/wolfgang-lfhzikgbt3.live-website.com\\\/#\\\/schema\\\/logo\\\/image\\\/\"}}]}<\/script>\n<!-- \/ Yoast SEO plugin. -->","yoast_head_json":{"title":"PSA -PERS\u00d6NLICHE SCHUTZAUSR\u00dcSTUNG - FireCovers","robots":{"index":"index","follow":"follow","max-snippet":"max-snippet:-1","max-image-preview":"max-image-preview:large","max-video-preview":"max-video-preview:-1"},"canonical":"https:\/\/fire-covers.de\/en\/psa-persoenliche-schutzausruestung\/","og_locale":"en_US","og_type":"article","og_title":"PSA -PERS\u00d6NLICHE SCHUTZAUSR\u00dcSTUNG - FireCovers","og_description":"INNOVATIV GEDACHT &#8211; f\u00fcr den Eigenschutz PSA -PERS\u00d6NLICHE SCHUTZAUSR\u00dcSTUNG Privat und Gewerbe Pers\u00f6nlicher Schutz mit unsViel zu oft l\u00e4sst man den pers\u00f6nlichen Eigenschutz unbeachtet: nicht mit uns! Wir bieten Ihnen mit unserem PSA \u00dcberwurf\/ Poncho in drei Varianten den bestm\u00f6glichen Schutz: Tarndecke (einfach) &#8211; Tarndecke (mit Hitzeabschirmung) &#8211; Tarndecke (mit EFM Abschirmung) Au\u00dferdem bietet unser...","og_url":"https:\/\/fire-covers.de\/en\/psa-persoenliche-schutzausruestung\/","og_site_name":"FireCovers","article_modified_time":"2026-03-20T08:39:59+00:00","og_image":[{"width":1600,"height":1200,"url":"https:\/\/fire-covers.de\/wp-content\/uploads\/2025\/10\/IMG-20250922-WA0011.jpg","type":"image\/jpeg"}],"twitter_card":"summary_large_image","twitter_misc":{"Est. reading time":"1 minute"},"schema":{"@context":"https:\/\/schema.org","@graph":[{"@type":"WebPage","@id":"https:\/\/fire-covers.de\/psa-persoenliche-schutzausruestung\/","url":"https:\/\/fire-covers.de\/psa-persoenliche-schutzausruestung\/","name":"PSA -PERS\u00d6NLICHE SCHUTZAUSR\u00dcSTUNG - FireCovers","isPartOf":{"@id":"https:\/\/wolfgang-lfhzikgbt3.live-website.com\/#website"},"primaryImageOfPage":{"@id":"https:\/\/fire-covers.de\/psa-persoenliche-schutzausruestung\/#primaryimage"},"image":{"@id":"https:\/\/fire-covers.de\/psa-persoenliche-schutzausruestung\/#primaryimage"},"thumbnailUrl":"https:\/\/fire-covers.de\/wp-content\/uploads\/2025\/10\/IMG-20250922-WA0011.jpg","datePublished":"2026-03-19T07:53:29+00:00","dateModified":"2026-03-20T08:39:59+00:00","breadcrumb":{"@id":"https:\/\/fire-covers.de\/psa-persoenliche-schutzausruestung\/#breadcrumb"},"inLanguage":"en-US","potentialAction":[{"@type":"ReadAction","target":["https:\/\/fire-covers.de\/psa-persoenliche-schutzausruestung\/"]}]},{"@type":"ImageObject","inLanguage":"en-US","@id":"https:\/\/fire-covers.de\/psa-persoenliche-schutzausruestung\/#primaryimage","url":"https:\/\/fire-covers.de\/wp-content\/uploads\/2025\/10\/IMG-20250922-WA0011.jpg","contentUrl":"https:\/\/fire-covers.de\/wp-content\/uploads\/2025\/10\/IMG-20250922-WA0011.jpg"},{"@type":"BreadcrumbList","@id":"https:\/\/fire-covers.de\/psa-persoenliche-schutzausruestung\/#breadcrumb","itemListElement":[{"@type":"ListItem","position":1,"name":"Startseite","item":"https:\/\/fire-covers.de\/"},{"@type":"ListItem","position":2,"name":"PSA -PERS\u00d6NLICHE SCHUTZAUSR\u00dcSTUNG"}]},{"@type":"WebSite","@id":"https:\/\/wolfgang-lfhzikgbt3.live-website.com\/#website","url":"https:\/\/wolfgang-lfhzikgbt3.live-website.com\/","name":"FireCovers","description":"Innovation - Solution - Protection - Manufrakture","publisher":{"@id":"https:\/\/wolfgang-lfhzikgbt3.live-website.com\/#organization"},"potentialAction":[{"@type":"SearchAction","target":{"@type":"EntryPoint","urlTemplate":"https:\/\/wolfgang-lfhzikgbt3.live-website.com\/?s={search_term_string}"},"query-input":{"@type":"PropertyValueSpecification","valueRequired":true,"valueName":"search_term_string"}}],"inLanguage":"en-US"},{"@type":"Organization","@id":"https:\/\/wolfgang-lfhzikgbt3.live-website.com\/#organization","name":"FireCovers","url":"https:\/\/wolfgang-lfhzikgbt3.live-website.com\/","logo":{"@type":"ImageObject","inLanguage":"en-US","@id":"https:\/\/wolfgang-lfhzikgbt3.live-website.com\/#\/schema\/logo\/image\/","url":"https:\/\/fire-covers.de\/wp-content\/uploads\/2025\/09\/Fire-Covers-Final2-1.jpg","contentUrl":"https:\/\/fire-covers.de\/wp-content\/uploads\/2025\/09\/Fire-Covers-Final2-1.jpg","width":1600,"height":511,"caption":"FireCovers"},"image":{"@id":"https:\/\/wolfgang-lfhzikgbt3.live-website.com\/#\/schema\/logo\/image\/"}}]}},"_links":{"self":[{"href":"https:\/\/fire-covers.de\/en\/wp-json\/wp\/v2\/pages\/408","targetHints":{"allow":["GET"]}}],"collection":[{"href":"https:\/\/fire-covers.de\/en\/wp-json\/wp\/v2\/pages"}],"about":[{"href":"https:\/\/fire-covers.de\/en\/wp-json\/wp\/v2\/types\/page"}],"author":[{"embeddable":true,"href":"https:\/\/fire-covers.de\/en\/wp-json\/wp\/v2\/users\/1"}],"replies":[{"embeddable":true,"href":"https:\/\/fire-covers.de\/en\/wp-json\/wp\/v2\/comments?post=408"}],"version-history":[{"count":9,"href":"https:\/\/fire-covers.de\/en\/wp-json\/wp\/v2\/pages\/408\/revisions"}],"predecessor-version":[{"id":509,"href":"https:\/\/fire-covers.de\/en\/wp-json\/wp\/v2\/pages\/408\/revisions\/509"}],"wp:attachment":[{"href":"https:\/\/fire-covers.de\/en\/wp-json\/wp\/v2\/media?parent=408"}],"curies":[{"name":"wp","href":"https:\/\/api.w.org\/{rel}","templated":true}]}}