{"id":412,"date":"2026-03-19T08:19:17","date_gmt":"2026-03-19T08:19:17","guid":{"rendered":"https:\/\/fire-covers.de\/?page_id=412"},"modified":"2026-03-20T08:41:42","modified_gmt":"2026-03-20T08:41:42","slug":"psa-persoenliche-schutzausruestung-2","status":"publish","type":"page","link":"https:\/\/fire-covers.de\/en\/psa-persoenliche-schutzausruestung-2\/","title":{"rendered":"MILITARY"},"content":{"rendered":"\n<div class=\"wp-block-group alignfull has-theme-palette-7-background-color has-background\" style=\"padding-top:2vw;padding-right:6vw;padding-bottom:2vw;padding-left:6vw\"><div class=\"wp-block-group__inner-container is-layout-flow wp-block-group-is-layout-flow\">\n<div class=\"wp-block-group is-vertical is-content-justification-stretch is-nowrap is-layout-flex wp-container-core-group-is-layout-47cae04e wp-block-group-is-layout-flex\" style=\"padding-right:0;padding-left:0\">\n<h6 class=\"wp-block-heading has-theme-palette-3-color has-text-color\" id=\"ecosystem\" style=\"margin-top:0;margin-right:var(--wp--preset--spacing--60);margin-bottom:0;margin-left:var(--wp--preset--spacing--60);font-size:16px\">INNOVATIV GEDACHT &#8211; <strong>EINSATZ AUCH F\u00dcR<\/strong><\/h6>\n\n\n\n<p class=\"has-theme-palette-3-color has-text-color\" style=\"margin-top:var(--wp--preset--spacing--20);margin-right:var(--wp--preset--spacing--60);margin-bottom:var(--wp--preset--spacing--20);margin-left:var(--wp--preset--spacing--60);font-size:2.5vw;font-style:normal;font-weight:700;letter-spacing:0px;line-height:0.9;text-decoration:none;text-transform:none\">MILIT\u00c4R<\/p>\n\n\n\n<p class=\"has-theme-palette-5-color has-text-color has-link-color wp-elements-2a5970127291919c6ddd8d6e68378aeb\" style=\"margin-right:var(--wp--preset--spacing--60);margin-left:var(--wp--preset--spacing--60);padding-top:var(--wp--preset--spacing--40);padding-bottom:var(--wp--preset--spacing--40)\">F\u00dcR MEHR SICHERHEIT<\/p>\n\n\n\n<div style=\"height:0px\" aria-hidden=\"true\" class=\"wp-block-spacer wp-container-content-42577013\"><\/div>\n<\/div>\n\n\n\n<div class=\"wp-block-columns is-layout-flex wp-container-core-columns-is-layout-9d6595d7 wp-block-columns-is-layout-flex\">\n<div class=\"wp-block-column is-layout-flow wp-block-column-is-layout-flow\"><style>.kb-row-layout-id412_65e00a-49 > .kt-row-column-wrap{align-content:center;}:where(.kb-row-layout-id412_65e00a-49 > .kt-row-column-wrap) > .wp-block-kadence-column{justify-content:center;}.kb-row-layout-id412_65e00a-49 > .kt-row-column-wrap{column-gap:var(--global-kb-gap-md, 2rem);row-gap:var(--global-kb-gap-md, 2rem);max-width:var( --global-content-width, 1290px );padding-left:var(--global-content-edge-padding);padding-right:var(--global-content-edge-padding);padding-bottom:var(--global-kb-spacing-lg, 3rem);grid-template-columns:repeat(2, minmax(0, 1fr));}.kb-row-layout-id412_65e00a-49 > .kt-row-layout-overlay{opacity:0.30;}@media all and (max-width: 1024px){.kb-row-layout-id412_65e00a-49 > .kt-row-column-wrap{grid-template-columns:repeat(2, minmax(0, 1fr));}}@media all and (max-width: 767px){.kb-row-layout-id412_65e00a-49 > .kt-row-column-wrap{grid-template-columns:minmax(0, 1fr);}}<\/style><div class=\"kb-row-layout-wrap kb-row-layout-id412_65e00a-49 alignfull has-theme-palette9-background-color kt-row-has-bg wp-block-kadence-rowlayout\"><div class=\"kt-row-column-wrap kt-has-2-columns kt-row-layout-equal kt-tab-layout-inherit kt-mobile-layout-row kt-row-valign-middle kt-inner-column-height-full kb-theme-content-width\">\n<style>.kadence-column412_8645c7-43 > .kt-inside-inner-col{display:flex;}.kadence-column412_8645c7-43 > .kt-inside-inner-col{padding-top:var(--global-kb-spacing-md, 2rem);padding-right:var(--global-kb-spacing-md, 2rem);padding-bottom:var(--global-kb-spacing-md, 2rem);padding-left:var(--global-kb-spacing-md, 2rem);}.kadence-column412_8645c7-43 > .kt-inside-inner-col,.kadence-column412_8645c7-43 > .kt-inside-inner-col:before{border-top-left-radius:0px;border-top-right-radius:0px;border-bottom-right-radius:0px;border-bottom-left-radius:0px;}.kadence-column412_8645c7-43 > .kt-inside-inner-col{column-gap:var(--global-kb-gap-sm, 1rem);}.kadence-column412_8645c7-43 > .kt-inside-inner-col{flex-direction:column;justify-content:center;}.kadence-column412_8645c7-43 > .kt-inside-inner-col > .aligncenter{width:100%;}.kt-row-column-wrap > .kadence-column412_8645c7-43{align-self:center;}.kt-inner-column-height-full:not(.kt-has-1-columns) > .wp-block-kadence-column.kadence-column412_8645c7-43{align-self:auto;}.kt-inner-column-height-full:not(.kt-has-1-columns) > .wp-block-kadence-column.kadence-column412_8645c7-43 > .kt-inside-inner-col{flex-direction:column;justify-content:center;}.kadence-column412_8645c7-43 > .kt-inside-inner-col:before{opacity:0.6;background-color:var(--global-palette9, #ffffff);}.kadence-column412_8645c7-43{position:relative;}@media all and (max-width: 1024px){.kt-row-column-wrap > .kadence-column412_8645c7-43{align-self:center;}}@media all and (max-width: 1024px){.kt-inner-column-height-full:not(.kt-has-1-columns) > .wp-block-kadence-column.kadence-column412_8645c7-43{align-self:auto;}}@media all and (max-width: 1024px){.kt-inner-column-height-full:not(.kt-has-1-columns) > .wp-block-kadence-column.kadence-column412_8645c7-43 > .kt-inside-inner-col{flex-direction:column;justify-content:center;}}@media all and (max-width: 1024px){.kadence-column412_8645c7-43 > .kt-inside-inner-col{flex-direction:column;justify-content:center;}}@media all and (max-width: 767px){.kt-row-column-wrap > .kadence-column412_8645c7-43{align-self:center;}.kt-inner-column-height-full:not(.kt-has-1-columns) > .wp-block-kadence-column.kadence-column412_8645c7-43{align-self:auto;}.kt-inner-column-height-full:not(.kt-has-1-columns) > .wp-block-kadence-column.kadence-column412_8645c7-43 > .kt-inside-inner-col{flex-direction:column;justify-content:center;}.kadence-column412_8645c7-43 > .kt-inside-inner-col{flex-direction:column;justify-content:center;}}<\/style>\n<div class=\"wp-block-kadence-column kadence-column412_8645c7-43 kb-section-has-overlay\"><div class=\"kt-inside-inner-col\"><style>.wp-block-kadence-advancedheading.kt-adv-heading412_158ff5-5b, .wp-block-kadence-advancedheading.kt-adv-heading412_158ff5-5b[data-kb-block=\"kb-adv-heading412_158ff5-5b\"]{text-align:left;font-style:normal;text-transform:none;}.wp-block-kadence-advancedheading.kt-adv-heading412_158ff5-5b mark.kt-highlight, .wp-block-kadence-advancedheading.kt-adv-heading412_158ff5-5b[data-kb-block=\"kb-adv-heading412_158ff5-5b\"] mark.kt-highlight{font-style:normal;color:#f76a0c;-webkit-box-decoration-break:clone;box-decoration-break:clone;padding-top:0px;padding-right:0px;padding-bottom:0px;padding-left:0px;}.wp-block-kadence-advancedheading.kt-adv-heading412_158ff5-5b img.kb-inline-image, .wp-block-kadence-advancedheading.kt-adv-heading412_158ff5-5b[data-kb-block=\"kb-adv-heading412_158ff5-5b\"] img.kb-inline-image{width:150px;vertical-align:baseline;}<\/style>\n<p class=\"kt-adv-heading412_158ff5-5b wp-block-kadence-advancedheading has-theme-palette-5-color has-text-color\" data-kb-block=\"kb-adv-heading412_158ff5-5b\">F\u00fcr die speziellen Anforderungen im Milit\u00e4r entwickelt<\/p>\n\n\n\n<p class=\"has-theme-palette-5-color has-text-color has-link-color wp-elements-d0bc2efe36a0c065e865ba69d7283aa9\">Wir bieten Ihnen mit unserem <strong>PSA<\/strong> <strong>\u00dcberwurf\/ Poncho<\/strong> in drei Varianten den bestm\u00f6glichen Schutz: Tarndecke (einfach) &#8211; Tarndecke (mit Hitzeabschirmung) &#8211; Tarndecke (mit EFM Abschirmung) <\/p>\n\n\n\n<p class=\"has-theme-palette-5-color has-text-color has-link-color wp-elements-09dd27f9e76ea98f47011981a1407a7d\">Neben dem k\u00f6rperlichen Schutz haben wir auch einen speziellen \u00dcberwurf zur <strong>Pr\u00e4vention bei Drohnen<\/strong> entwickelt, der UV-Licht best\u00e4ndig ist und Funkwellen Abstrahlung und Ortung verhindert<\/p>\n<\/div><\/div>\n\n\n<style>.kadence-column412_f5b9ff-98 > .kt-inside-inner-col,.kadence-column412_f5b9ff-98 > .kt-inside-inner-col:before{border-top-left-radius:0px;border-top-right-radius:0px;border-bottom-right-radius:0px;border-bottom-left-radius:0px;}.kadence-column412_f5b9ff-98 > .kt-inside-inner-col{column-gap:var(--global-kb-gap-sm, 1rem);}.kadence-column412_f5b9ff-98 > .kt-inside-inner-col{flex-direction:column;}.kadence-column412_f5b9ff-98 > .kt-inside-inner-col > .aligncenter{width:100%;}.kadence-column412_f5b9ff-98 > .kt-inside-inner-col{background-color:var(--global-palette9, #ffffff);}.kadence-column412_f5b9ff-98 > .kt-inside-inner-col:before{opacity:0.3;}.kadence-column412_f5b9ff-98{position:relative;}@media all and (max-width: 1024px){.kadence-column412_f5b9ff-98 > .kt-inside-inner-col{flex-direction:column;justify-content:center;}}@media all and (max-width: 767px){.kadence-column412_f5b9ff-98 > .kt-inside-inner-col{flex-direction:column;justify-content:center;}}<\/style>\n<div class=\"wp-block-kadence-column kadence-column412_f5b9ff-98\"><div class=\"kt-inside-inner-col\"><style>.kb-image412_256016-45 .kb-image-has-overlay:after{opacity:0.3;}<\/style>\n<figure class=\"wp-block-kadence-image kb-image412_256016-45 size-full\"><img loading=\"lazy\" decoding=\"async\" width=\"1600\" height=\"511\" src=\"https:\/\/fire-covers.de\/wp-content\/uploads\/2026\/03\/Fire-Covers-Final2.jpg\" alt=\"\" class=\"kb-img wp-image-345\" srcset=\"https:\/\/fire-covers.de\/wp-content\/uploads\/2026\/03\/Fire-Covers-Final2.jpg 1600w, https:\/\/fire-covers.de\/wp-content\/uploads\/2026\/03\/Fire-Covers-Final2-300x96.jpg 300w, https:\/\/fire-covers.de\/wp-content\/uploads\/2026\/03\/Fire-Covers-Final2-1024x327.jpg 1024w, https:\/\/fire-covers.de\/wp-content\/uploads\/2026\/03\/Fire-Covers-Final2-768x245.jpg 768w, https:\/\/fire-covers.de\/wp-content\/uploads\/2026\/03\/Fire-Covers-Final2-1536x491.jpg 1536w\" sizes=\"auto, (max-width: 1600px) 100vw, 1600px\" \/><\/figure>\n<\/div><\/div>\n\n<\/div><\/div><\/div>\n<\/div>\n\n\n\n<hr class=\"wp-block-separator has-text-color has-theme-palette-13-color has-alpha-channel-opacity has-theme-palette-13-background-color has-background is-style-wide\" style=\"margin-top:0;margin-bottom:0\"\/>\n<\/div><\/div>\n\n\n\n<div class=\"wp-block-group alignfull is-style-ext-preset--group--natural-1--section has-background-background-color has-background\" style=\"margin-top:0;margin-bottom:0;padding-top:var(--wp--preset--spacing--70);padding-bottom:var(--wp--preset--spacing--70)\"><div class=\"wp-block-group__inner-container is-layout-constrained wp-block-group-is-layout-constrained\"><div class=\"wp-block-image ext-animate--on wp-duotone-varpresetduotoneprimary-foreground-1\">\n<figure class=\"aligncenter size-full is-resized\"><img loading=\"lazy\" decoding=\"async\" width=\"401\" height=\"482\" src=\"https:\/\/fire-covers.de\/wp-content\/uploads\/2025\/09\/cropped-Fire-Covers-Final2-1-e1773652648884.jpg\" alt=\"Fire Covers Aurich Deutschland Feuerschutz Brandschutzmatten Innovation\" class=\"wp-image-20\" style=\"width:115px;height:auto\" srcset=\"https:\/\/fire-covers.de\/wp-content\/uploads\/2025\/09\/cropped-Fire-Covers-Final2-1-e1773652648884.jpg 401w, https:\/\/fire-covers.de\/wp-content\/uploads\/2025\/09\/cropped-Fire-Covers-Final2-1-e1773652648884-250x300.jpg 250w\" sizes=\"auto, (max-width: 401px) 100vw, 401px\" \/><\/figure>\n<\/div>\n\n\n<div class=\"wp-block-group\"><div class=\"wp-block-group__inner-container is-layout-constrained wp-block-group-is-layout-constrained\">\n<h2 class=\"wp-block-heading has-text-align-center ext-animate--on has-x-large-font-size\"><a href=\"https:\/\/fire-covers.de\/kontakt\/\" type=\"page\" id=\"26\">Sie interessieren Sich f\u00fcr mehr Sicherheit?<\/a><\/h2>\n\n\n\n<p class=\"has-text-align-center ext-animate--on\" style=\"margin-top:1.5rem\"><a href=\"https:\/\/fire-covers.de\/kontakt\/\" type=\"page\" id=\"26\">Hier finden Sie den Weg zu Uns!<\/a><\/p>\n<\/div><\/div>\n<\/div><\/div>\n\n\n\n<p><\/p>\n","protected":false},"excerpt":{"rendered":"<p>INNOVATIV GEDACHT &#8211; EINSATZ AUCH F\u00dcR MILIT\u00c4R F\u00dcR MEHR SICHERHEIT F\u00fcr die speziellen Anforderungen im Milit\u00e4r entwickelt Wir bieten Ihnen mit unserem PSA \u00dcberwurf\/ Poncho in drei Varianten den bestm\u00f6glichen Schutz: Tarndecke (einfach) &#8211; Tarndecke (mit Hitzeabschirmung) &#8211; Tarndecke (mit EFM Abschirmung) Neben dem k\u00f6rperlichen Schutz haben wir auch einen speziellen \u00dcberwurf zur Pr\u00e4vention bei&#8230;<\/p>","protected":false},"author":1,"featured_media":0,"parent":0,"menu_order":0,"comment_status":"closed","ping_status":"closed","template":"","meta":{"_kadence_starter_templates_imported_post":false,"_kad_post_transparent":"default","_kad_post_title":"hide","_kad_post_layout":"default","_kad_post_sidebar_id":"","_kad_post_content_style":"","_kad_post_vertical_padding":"","_kad_post_feature":"","_kad_post_feature_position":"","_kad_post_header":false,"_kad_post_footer":false,"_kad_post_classname":"","footnotes":""},"class_list":["post-412","page","type-page","status-publish","hentry"],"featured_image_src":null,"yoast_head":"<!-- This site is optimized with the Yoast SEO plugin v27.5 - https:\/\/yoast.com\/product\/yoast-seo-wordpress\/ -->\n<title>Milit\u00e4r - FireCovers<\/title>\n<meta name=\"robots\" content=\"index, follow, max-snippet:-1, max-image-preview:large, max-video-preview:-1\" \/>\n<link rel=\"canonical\" href=\"https:\/\/fire-covers.de\/en\/psa-persoenliche-schutzausruestung-2\/\" \/>\n<meta property=\"og:locale\" content=\"en_US\" \/>\n<meta property=\"og:type\" content=\"article\" \/>\n<meta property=\"og:title\" content=\"Milit\u00e4r - FireCovers\" \/>\n<meta property=\"og:description\" content=\"INNOVATIV GEDACHT &#8211; EINSATZ AUCH F\u00dcR MILIT\u00c4R F\u00dcR MEHR SICHERHEIT F\u00fcr die speziellen Anforderungen im Milit\u00e4r entwickelt Wir bieten Ihnen mit unserem PSA \u00dcberwurf\/ Poncho in drei Varianten den bestm\u00f6glichen Schutz: Tarndecke (einfach) &#8211; Tarndecke (mit Hitzeabschirmung) &#8211; Tarndecke (mit EFM Abschirmung) Neben dem k\u00f6rperlichen Schutz haben wir auch einen speziellen \u00dcberwurf zur Pr\u00e4vention bei...\" \/>\n<meta property=\"og:url\" content=\"https:\/\/fire-covers.de\/en\/psa-persoenliche-schutzausruestung-2\/\" \/>\n<meta property=\"og:site_name\" content=\"FireCovers\" \/>\n<meta property=\"article:modified_time\" content=\"2026-03-20T08:41:42+00:00\" \/>\n<meta property=\"og:image\" content=\"https:\/\/fire-covers.de\/wp-content\/uploads\/2026\/03\/Fire-Covers-Final2.jpg\" \/>\n\t<meta property=\"og:image:width\" content=\"1600\" \/>\n\t<meta property=\"og:image:height\" content=\"511\" \/>\n\t<meta property=\"og:image:type\" content=\"image\/jpeg\" \/>\n<meta name=\"twitter:card\" content=\"summary_large_image\" \/>\n<meta name=\"twitter:label1\" content=\"Est. reading time\" \/>\n\t<meta name=\"twitter:data1\" content=\"1 minute\" \/>\n<script type=\"application\/ld+json\" class=\"yoast-schema-graph\">{\"@context\":\"https:\\\/\\\/schema.org\",\"@graph\":[{\"@type\":\"WebPage\",\"@id\":\"https:\\\/\\\/fire-covers.de\\\/psa-persoenliche-schutzausruestung-2\\\/\",\"url\":\"https:\\\/\\\/fire-covers.de\\\/psa-persoenliche-schutzausruestung-2\\\/\",\"name\":\"Milit\u00e4r - FireCovers\",\"isPartOf\":{\"@id\":\"https:\\\/\\\/wolfgang-lfhzikgbt3.live-website.com\\\/#website\"},\"primaryImageOfPage\":{\"@id\":\"https:\\\/\\\/fire-covers.de\\\/psa-persoenliche-schutzausruestung-2\\\/#primaryimage\"},\"image\":{\"@id\":\"https:\\\/\\\/fire-covers.de\\\/psa-persoenliche-schutzausruestung-2\\\/#primaryimage\"},\"thumbnailUrl\":\"https:\\\/\\\/fire-covers.de\\\/wp-content\\\/uploads\\\/2026\\\/03\\\/Fire-Covers-Final2.jpg\",\"datePublished\":\"2026-03-19T08:19:17+00:00\",\"dateModified\":\"2026-03-20T08:41:42+00:00\",\"breadcrumb\":{\"@id\":\"https:\\\/\\\/fire-covers.de\\\/psa-persoenliche-schutzausruestung-2\\\/#breadcrumb\"},\"inLanguage\":\"en-US\",\"potentialAction\":[{\"@type\":\"ReadAction\",\"target\":[\"https:\\\/\\\/fire-covers.de\\\/psa-persoenliche-schutzausruestung-2\\\/\"]}]},{\"@type\":\"ImageObject\",\"inLanguage\":\"en-US\",\"@id\":\"https:\\\/\\\/fire-covers.de\\\/psa-persoenliche-schutzausruestung-2\\\/#primaryimage\",\"url\":\"https:\\\/\\\/fire-covers.de\\\/wp-content\\\/uploads\\\/2026\\\/03\\\/Fire-Covers-Final2.jpg\",\"contentUrl\":\"https:\\\/\\\/fire-covers.de\\\/wp-content\\\/uploads\\\/2026\\\/03\\\/Fire-Covers-Final2.jpg\"},{\"@type\":\"BreadcrumbList\",\"@id\":\"https:\\\/\\\/fire-covers.de\\\/psa-persoenliche-schutzausruestung-2\\\/#breadcrumb\",\"itemListElement\":[{\"@type\":\"ListItem\",\"position\":1,\"name\":\"Startseite\",\"item\":\"https:\\\/\\\/fire-covers.de\\\/\"},{\"@type\":\"ListItem\",\"position\":2,\"name\":\"Milit\u00e4r\"}]},{\"@type\":\"WebSite\",\"@id\":\"https:\\\/\\\/wolfgang-lfhzikgbt3.live-website.com\\\/#website\",\"url\":\"https:\\\/\\\/wolfgang-lfhzikgbt3.live-website.com\\\/\",\"name\":\"FireCovers\",\"description\":\"Innovation - Solution - Protection - Manufrakture\",\"publisher\":{\"@id\":\"https:\\\/\\\/wolfgang-lfhzikgbt3.live-website.com\\\/#organization\"},\"potentialAction\":[{\"@type\":\"SearchAction\",\"target\":{\"@type\":\"EntryPoint\",\"urlTemplate\":\"https:\\\/\\\/wolfgang-lfhzikgbt3.live-website.com\\\/?s={search_term_string}\"},\"query-input\":{\"@type\":\"PropertyValueSpecification\",\"valueRequired\":true,\"valueName\":\"search_term_string\"}}],\"inLanguage\":\"en-US\"},{\"@type\":\"Organization\",\"@id\":\"https:\\\/\\\/wolfgang-lfhzikgbt3.live-website.com\\\/#organization\",\"name\":\"FireCovers\",\"url\":\"https:\\\/\\\/wolfgang-lfhzikgbt3.live-website.com\\\/\",\"logo\":{\"@type\":\"ImageObject\",\"inLanguage\":\"en-US\",\"@id\":\"https:\\\/\\\/wolfgang-lfhzikgbt3.live-website.com\\\/#\\\/schema\\\/logo\\\/image\\\/\",\"url\":\"https:\\\/\\\/fire-covers.de\\\/wp-content\\\/uploads\\\/2025\\\/09\\\/Fire-Covers-Final2-1.jpg\",\"contentUrl\":\"https:\\\/\\\/fire-covers.de\\\/wp-content\\\/uploads\\\/2025\\\/09\\\/Fire-Covers-Final2-1.jpg\",\"width\":1600,\"height\":511,\"caption\":\"FireCovers\"},\"image\":{\"@id\":\"https:\\\/\\\/wolfgang-lfhzikgbt3.live-website.com\\\/#\\\/schema\\\/logo\\\/image\\\/\"}}]}<\/script>\n<!-- \/ Yoast SEO plugin. -->","yoast_head_json":{"title":"Milit\u00e4r - FireCovers","robots":{"index":"index","follow":"follow","max-snippet":"max-snippet:-1","max-image-preview":"max-image-preview:large","max-video-preview":"max-video-preview:-1"},"canonical":"https:\/\/fire-covers.de\/en\/psa-persoenliche-schutzausruestung-2\/","og_locale":"en_US","og_type":"article","og_title":"Milit\u00e4r - FireCovers","og_description":"INNOVATIV GEDACHT &#8211; EINSATZ AUCH F\u00dcR MILIT\u00c4R F\u00dcR MEHR SICHERHEIT F\u00fcr die speziellen Anforderungen im Milit\u00e4r entwickelt Wir bieten Ihnen mit unserem PSA \u00dcberwurf\/ Poncho in drei Varianten den bestm\u00f6glichen Schutz: Tarndecke (einfach) &#8211; Tarndecke (mit Hitzeabschirmung) &#8211; Tarndecke (mit EFM Abschirmung) Neben dem k\u00f6rperlichen Schutz haben wir auch einen speziellen \u00dcberwurf zur Pr\u00e4vention bei...","og_url":"https:\/\/fire-covers.de\/en\/psa-persoenliche-schutzausruestung-2\/","og_site_name":"FireCovers","article_modified_time":"2026-03-20T08:41:42+00:00","og_image":[{"width":1600,"height":511,"url":"https:\/\/fire-covers.de\/wp-content\/uploads\/2026\/03\/Fire-Covers-Final2.jpg","type":"image\/jpeg"}],"twitter_card":"summary_large_image","twitter_misc":{"Est. reading time":"1 minute"},"schema":{"@context":"https:\/\/schema.org","@graph":[{"@type":"WebPage","@id":"https:\/\/fire-covers.de\/psa-persoenliche-schutzausruestung-2\/","url":"https:\/\/fire-covers.de\/psa-persoenliche-schutzausruestung-2\/","name":"Milit\u00e4r - FireCovers","isPartOf":{"@id":"https:\/\/wolfgang-lfhzikgbt3.live-website.com\/#website"},"primaryImageOfPage":{"@id":"https:\/\/fire-covers.de\/psa-persoenliche-schutzausruestung-2\/#primaryimage"},"image":{"@id":"https:\/\/fire-covers.de\/psa-persoenliche-schutzausruestung-2\/#primaryimage"},"thumbnailUrl":"https:\/\/fire-covers.de\/wp-content\/uploads\/2026\/03\/Fire-Covers-Final2.jpg","datePublished":"2026-03-19T08:19:17+00:00","dateModified":"2026-03-20T08:41:42+00:00","breadcrumb":{"@id":"https:\/\/fire-covers.de\/psa-persoenliche-schutzausruestung-2\/#breadcrumb"},"inLanguage":"en-US","potentialAction":[{"@type":"ReadAction","target":["https:\/\/fire-covers.de\/psa-persoenliche-schutzausruestung-2\/"]}]},{"@type":"ImageObject","inLanguage":"en-US","@id":"https:\/\/fire-covers.de\/psa-persoenliche-schutzausruestung-2\/#primaryimage","url":"https:\/\/fire-covers.de\/wp-content\/uploads\/2026\/03\/Fire-Covers-Final2.jpg","contentUrl":"https:\/\/fire-covers.de\/wp-content\/uploads\/2026\/03\/Fire-Covers-Final2.jpg"},{"@type":"BreadcrumbList","@id":"https:\/\/fire-covers.de\/psa-persoenliche-schutzausruestung-2\/#breadcrumb","itemListElement":[{"@type":"ListItem","position":1,"name":"Startseite","item":"https:\/\/fire-covers.de\/"},{"@type":"ListItem","position":2,"name":"Milit\u00e4r"}]},{"@type":"WebSite","@id":"https:\/\/wolfgang-lfhzikgbt3.live-website.com\/#website","url":"https:\/\/wolfgang-lfhzikgbt3.live-website.com\/","name":"FireCovers","description":"Innovation - Solution - Protection - Manufrakture","publisher":{"@id":"https:\/\/wolfgang-lfhzikgbt3.live-website.com\/#organization"},"potentialAction":[{"@type":"SearchAction","target":{"@type":"EntryPoint","urlTemplate":"https:\/\/wolfgang-lfhzikgbt3.live-website.com\/?s={search_term_string}"},"query-input":{"@type":"PropertyValueSpecification","valueRequired":true,"valueName":"search_term_string"}}],"inLanguage":"en-US"},{"@type":"Organization","@id":"https:\/\/wolfgang-lfhzikgbt3.live-website.com\/#organization","name":"FireCovers","url":"https:\/\/wolfgang-lfhzikgbt3.live-website.com\/","logo":{"@type":"ImageObject","inLanguage":"en-US","@id":"https:\/\/wolfgang-lfhzikgbt3.live-website.com\/#\/schema\/logo\/image\/","url":"https:\/\/fire-covers.de\/wp-content\/uploads\/2025\/09\/Fire-Covers-Final2-1.jpg","contentUrl":"https:\/\/fire-covers.de\/wp-content\/uploads\/2025\/09\/Fire-Covers-Final2-1.jpg","width":1600,"height":511,"caption":"FireCovers"},"image":{"@id":"https:\/\/wolfgang-lfhzikgbt3.live-website.com\/#\/schema\/logo\/image\/"}}]}},"_links":{"self":[{"href":"https:\/\/fire-covers.de\/en\/wp-json\/wp\/v2\/pages\/412","targetHints":{"allow":["GET"]}}],"collection":[{"href":"https:\/\/fire-covers.de\/en\/wp-json\/wp\/v2\/pages"}],"about":[{"href":"https:\/\/fire-covers.de\/en\/wp-json\/wp\/v2\/types\/page"}],"author":[{"embeddable":true,"href":"https:\/\/fire-covers.de\/en\/wp-json\/wp\/v2\/users\/1"}],"replies":[{"embeddable":true,"href":"https:\/\/fire-covers.de\/en\/wp-json\/wp\/v2\/comments?post=412"}],"version-history":[{"count":17,"href":"https:\/\/fire-covers.de\/en\/wp-json\/wp\/v2\/pages\/412\/revisions"}],"predecessor-version":[{"id":511,"href":"https:\/\/fire-covers.de\/en\/wp-json\/wp\/v2\/pages\/412\/revisions\/511"}],"wp:attachment":[{"href":"https:\/\/fire-covers.de\/en\/wp-json\/wp\/v2\/media?parent=412"}],"curies":[{"name":"wp","href":"https:\/\/api.w.org\/{rel}","templated":true}]}}