{"id":61,"date":"2025-09-21T19:24:25","date_gmt":"2025-09-21T19:24:25","guid":{"rendered":"https:\/\/fire-covers.de\/?page_id=61"},"modified":"2025-09-22T09:02:56","modified_gmt":"2025-09-22T09:02:56","slug":"impressum","status":"publish","type":"page","link":"https:\/\/fire-covers.de\/en\/impressum\/","title":{"rendered":"imprint"},"content":{"rendered":"<style>.kb-row-layout-id61_5b29a3-1c > .kt-row-column-wrap{align-content:center;}:where(.kb-row-layout-id61_5b29a3-1c > .kt-row-column-wrap) > .wp-block-kadence-column{justify-content:center;}.kb-row-layout-id61_5b29a3-1c > .kt-row-column-wrap{column-gap:var(--global-kb-gap-lg, 4rem);row-gap:var(--global-kb-gap-md, 2rem);max-width:var( --global-content-width, 1290px );padding-left:var(--global-content-edge-padding);padding-right:var(--global-content-edge-padding);padding-top:var(--global-kb-spacing-4xl, 8rem);padding-bottom:var(--global-kb-spacing-4xl, 8rem);grid-template-columns:minmax(0, 1fr);}.kb-row-layout-id61_5b29a3-1c > .kt-row-layout-overlay{opacity:0.30;}.kb-row-layout-id61_5b29a3-1c ,.kb-row-layout-id61_5b29a3-1c h1,.kb-row-layout-id61_5b29a3-1c h2,.kb-row-layout-id61_5b29a3-1c h3,.kb-row-layout-id61_5b29a3-1c h4,.kb-row-layout-id61_5b29a3-1c h5,.kb-row-layout-id61_5b29a3-1c h6{color:var(--global-palette3, #1A202C);}.kb-row-layout-id61_5b29a3-1c a{color:var(--global-palette1, #3182CE);}.kb-row-layout-id61_5b29a3-1c a:hover{color:var(--global-palette2, #2B6CB0);}@media all and (max-width: 1024px){.kb-row-layout-id61_5b29a3-1c > .kt-row-column-wrap{padding-top:var(--global-kb-spacing-4xl, 8rem);grid-template-columns:minmax(0, 1fr);}}@media all and (max-width: 767px){.kb-row-layout-id61_5b29a3-1c > .kt-row-column-wrap{padding-top:var(--global-kb-spacing-3xl, 6.5rem);padding-bottom:var(--global-kb-spacing-lg, 3rem);grid-template-columns:minmax(0, 1fr);}}<\/style><div class=\"kb-row-layout-wrap kb-row-layout-id61_5b29a3-1c alignfull has-theme-palette8-background-color kt-row-has-bg wp-block-kadence-rowlayout\"><div class=\"kt-row-column-wrap kt-has-1-columns kt-row-layout-equal kt-tab-layout-inherit kt-mobile-layout-row kt-row-valign-middle kb-theme-content-width\">\n<style>.kadence-column61_9c27a1-32 > .kt-inside-inner-col{display:flex;}.kadence-column61_9c27a1-32 > .kt-inside-inner-col{padding-right:var(--global-kb-spacing-lg, 3rem);}.kadence-column61_9c27a1-32 > .kt-inside-inner-col,.kadence-column61_9c27a1-32 > .kt-inside-inner-col:before{border-top-left-radius:0px;border-top-right-radius:0px;border-bottom-right-radius:0px;border-bottom-left-radius:0px;}.kadence-column61_9c27a1-32 > .kt-inside-inner-col{column-gap:var(--global-kb-gap-sm, 1rem);}.kadence-column61_9c27a1-32 > .kt-inside-inner-col{flex-direction:column;justify-content:center;}.kadence-column61_9c27a1-32 > .kt-inside-inner-col > .aligncenter{width:100%;}.kt-row-column-wrap > .kadence-column61_9c27a1-32{align-self:center;}.kt-inner-column-height-full:not(.kt-has-1-columns) > .wp-block-kadence-column.kadence-column61_9c27a1-32{align-self:auto;}.kt-inner-column-height-full:not(.kt-has-1-columns) > .wp-block-kadence-column.kadence-column61_9c27a1-32 > .kt-inside-inner-col{flex-direction:column;justify-content:center;}.kadence-column61_9c27a1-32 > .kt-inside-inner-col:before{opacity:0.3;}.kadence-column61_9c27a1-32{text-align:center;}.kadence-column61_9c27a1-32{position:relative;}@media all and (max-width: 1024px){.kt-row-column-wrap > .kadence-column61_9c27a1-32{align-self:center;}}@media all and (max-width: 1024px){.kt-inner-column-height-full:not(.kt-has-1-columns) > .wp-block-kadence-column.kadence-column61_9c27a1-32{align-self:auto;}}@media all and (max-width: 1024px){.kt-inner-column-height-full:not(.kt-has-1-columns) > .wp-block-kadence-column.kadence-column61_9c27a1-32 > .kt-inside-inner-col{flex-direction:column;justify-content:center;}}@media all and (max-width: 1024px){.kadence-column61_9c27a1-32 > .kt-inside-inner-col{flex-direction:column;justify-content:center;}}@media all and (max-width: 767px){.kt-row-column-wrap > .kadence-column61_9c27a1-32{align-self:center;}.kt-inner-column-height-full:not(.kt-has-1-columns) > .wp-block-kadence-column.kadence-column61_9c27a1-32{align-self:auto;}.kt-inner-column-height-full:not(.kt-has-1-columns) > .wp-block-kadence-column.kadence-column61_9c27a1-32 > .kt-inside-inner-col{flex-direction:column;justify-content:center;}.kadence-column61_9c27a1-32 > .kt-inside-inner-col{flex-direction:column;justify-content:center;}}<\/style>\n<div class=\"wp-block-kadence-column kadence-column61_9c27a1-32\"><div class=\"kt-inside-inner-col\"><style>.wp-block-kadence-advancedheading.kt-adv-heading61_2bc3f3-ae, .wp-block-kadence-advancedheading.kt-adv-heading61_2bc3f3-ae[data-kb-block=\"kb-adv-heading61_2bc3f3-ae\"]{text-align:left;font-size:var(--global-kb-font-size-xxl, 4rem);line-height:1em;font-style:normal;}.wp-block-kadence-advancedheading.kt-adv-heading61_2bc3f3-ae mark.kt-highlight, .wp-block-kadence-advancedheading.kt-adv-heading61_2bc3f3-ae[data-kb-block=\"kb-adv-heading61_2bc3f3-ae\"] mark.kt-highlight{font-style:normal;color:#f76a0c;-webkit-box-decoration-break:clone;box-decoration-break:clone;padding-top:0px;padding-right:0px;padding-bottom:0px;padding-left:0px;}.wp-block-kadence-advancedheading.kt-adv-heading61_2bc3f3-ae img.kb-inline-image, .wp-block-kadence-advancedheading.kt-adv-heading61_2bc3f3-ae[data-kb-block=\"kb-adv-heading61_2bc3f3-ae\"] img.kb-inline-image{width:150px;vertical-align:baseline;}<\/style>\n<h6 class=\"kt-adv-heading61_2bc3f3-ae wp-block-kadence-advancedheading\" data-kb-block=\"kb-adv-heading61_2bc3f3-ae\">IMPRESSUM<\/h6>\n\n\n<style>.wp-block-kadence-advancedheading.kt-adv-heading61_fe41c8-5c, .wp-block-kadence-advancedheading.kt-adv-heading61_fe41c8-5c[data-kb-block=\"kb-adv-heading61_fe41c8-5c\"]{text-align:left;font-size:var(--global-kb-font-size-md, 1.25rem);line-height:1.2em;font-style:normal;}.wp-block-kadence-advancedheading.kt-adv-heading61_fe41c8-5c mark.kt-highlight, .wp-block-kadence-advancedheading.kt-adv-heading61_fe41c8-5c[data-kb-block=\"kb-adv-heading61_fe41c8-5c\"] mark.kt-highlight{font-style:normal;color:#f76a0c;-webkit-box-decoration-break:clone;box-decoration-break:clone;padding-top:0px;padding-right:0px;padding-bottom:0px;padding-left:0px;}.wp-block-kadence-advancedheading.kt-adv-heading61_fe41c8-5c img.kb-inline-image, .wp-block-kadence-advancedheading.kt-adv-heading61_fe41c8-5c[data-kb-block=\"kb-adv-heading61_fe41c8-5c\"] img.kb-inline-image{width:150px;vertical-align:baseline;}<\/style>\n<h2 class=\"kt-adv-heading61_fe41c8-5c wp-block-kadence-advancedheading\" data-kb-block=\"kb-adv-heading61_fe41c8-5c\"><strong>Fire-Covers<br>Inhaber: Wolfgang Kleff<br>Norderwieke II 77<br>26639 Wiesmoor<br>Deutschland<br>E-Mail: wolfgang.kleff@gmail.com<br>Website: www.fire-covers.de<br>Umsatzsteuerbefreit nach \u00a7 19 UStG<br><br>Haftungsausschluss<br>Haftung f\u00fcr Inhalte<br>Die Inhalte dieser Website wurden mit gr\u00f6\u00dfter Sorgfalt erstellt. F\u00fcr die Richtigkeit, Vollst\u00e4ndigkeit und Aktualit\u00e4t der Inhalte \u00fcbernehme ich jedoch keine Gew\u00e4hr. Als Diensteanbieter bin ich gem\u00e4\u00df \u00a7 7 Abs. 1 TMG f\u00fcr eigene Inhalte auf diesen Seiten nach den allgemeinen Gesetzen verantwortlich. Nach \u00a7\u00a7 8 bis 10 TMG bin ich als Diensteanbieter jedoch nicht verpflichtet, \u00fcbermittelte oder gespeicherte fremde Informationen zu \u00fcberwachen oder nach Umst\u00e4nden zu forschen, die auf eine rechtswidrige T\u00e4tigkeit hinweisen. Verpflichtungen zur Entfernung oder Sperrung der Nutzung von Informationen nach den allgemeinen Gesetzen bleiben hiervon unber\u00fchrt. Eine diesbez\u00fcgliche Haftung ist jedoch erst ab dem Zeitpunkt der Kenntnis einer konkreten Rechtsverletzung m\u00f6glich. Bei Bekanntwerden von entsprechenden Rechtsverletzungen werde ich diese Inhalte umgehend entfernen.<br>Haftung f\u00fcr Links<br>Mein Angebot enth\u00e4lt Links zu externen Websites Dritter, auf deren Inhalte ich keinen Einfluss habe. Deshalb kann ich f\u00fcr diese fremden Inhalte auch keine Gew\u00e4hr \u00fcbernehmen. F\u00fcr die Inhalte der verlinkten Seiten ist stets der jeweilige Anbieter oder Betreiber der Seiten verantwortlich. Die verlinkten Seiten wurden zum Zeitpunkt der Verlinkung auf m\u00f6gliche\u00a0Rechtsverst\u00f6\u00dfe<\/strong><\/h2>\n<\/div><\/div>\n\n<\/div><\/div>","protected":false},"excerpt":{"rendered":"<p>IMPRESSUM Fire-CoversInhaber: Wolfgang KleffNorderwieke II 7726639 WiesmoorDeutschlandE-Mail: wolfgang.kleff@gmail.comWebsite: www.fire-covers.deUmsatzsteuerbefreit nach \u00a7 19 UStG HaftungsausschlussHaftung f\u00fcr InhalteDie Inhalte dieser Website wurden mit gr\u00f6\u00dfter Sorgfalt erstellt. F\u00fcr die Richtigkeit, Vollst\u00e4ndigkeit und Aktualit\u00e4t der Inhalte \u00fcbernehme ich jedoch keine Gew\u00e4hr. Als Diensteanbieter bin ich gem\u00e4\u00df \u00a7 7 Abs. 1 TMG f\u00fcr eigene Inhalte auf diesen Seiten nach den&#8230;<\/p>","protected":false},"author":1,"featured_media":0,"parent":0,"menu_order":0,"comment_status":"closed","ping_status":"closed","template":"","meta":{"_kadence_starter_templates_imported_post":false,"_kad_post_transparent":"","_kad_post_title":"hide","_kad_post_layout":"","_kad_post_sidebar_id":"","_kad_post_content_style":"","_kad_post_vertical_padding":"","_kad_post_feature":"hide","_kad_post_feature_position":"","_kad_post_header":false,"_kad_post_footer":true,"_kad_post_classname":"","footnotes":""},"class_list":["post-61","page","type-page","status-publish","hentry"],"featured_image_src":null,"yoast_head":"<!-- This site is optimized with the Yoast SEO plugin v27.5 - https:\/\/yoast.com\/product\/yoast-seo-wordpress\/ -->\n<title>Impressum - FireCovers<\/title>\n<meta name=\"robots\" content=\"index, follow, max-snippet:-1, max-image-preview:large, max-video-preview:-1\" \/>\n<link rel=\"canonical\" href=\"https:\/\/fire-covers.de\/en\/impressum\/\" \/>\n<meta property=\"og:locale\" content=\"en_US\" \/>\n<meta property=\"og:type\" content=\"article\" \/>\n<meta property=\"og:title\" content=\"Impressum - FireCovers\" \/>\n<meta property=\"og:description\" content=\"IMPRESSUM Fire-CoversInhaber: Wolfgang KleffNorderwieke II 7726639 WiesmoorDeutschlandE-Mail: wolfgang.kleff@gmail.comWebsite: www.fire-covers.deUmsatzsteuerbefreit nach \u00a7 19 UStG HaftungsausschlussHaftung f\u00fcr InhalteDie Inhalte dieser Website wurden mit gr\u00f6\u00dfter Sorgfalt erstellt. F\u00fcr die Richtigkeit, Vollst\u00e4ndigkeit und Aktualit\u00e4t der Inhalte \u00fcbernehme ich jedoch keine Gew\u00e4hr. Als Diensteanbieter bin ich gem\u00e4\u00df \u00a7 7 Abs. 1 TMG f\u00fcr eigene Inhalte auf diesen Seiten nach den...\" \/>\n<meta property=\"og:url\" content=\"https:\/\/fire-covers.de\/en\/impressum\/\" \/>\n<meta property=\"og:site_name\" content=\"FireCovers\" \/>\n<meta property=\"article:modified_time\" content=\"2025-09-22T09:02:56+00:00\" \/>\n<meta name=\"twitter:card\" content=\"summary_large_image\" \/>\n<meta name=\"twitter:label1\" content=\"Est. reading time\" \/>\n\t<meta name=\"twitter:data1\" content=\"2 minutes\" \/>\n<script type=\"application\/ld+json\" class=\"yoast-schema-graph\">{\"@context\":\"https:\\\/\\\/schema.org\",\"@graph\":[{\"@type\":\"WebPage\",\"@id\":\"https:\\\/\\\/fire-covers.de\\\/impressum\\\/\",\"url\":\"https:\\\/\\\/fire-covers.de\\\/impressum\\\/\",\"name\":\"Impressum - FireCovers\",\"isPartOf\":{\"@id\":\"https:\\\/\\\/wolfgang-lfhzikgbt3.live-website.com\\\/#website\"},\"datePublished\":\"2025-09-21T19:24:25+00:00\",\"dateModified\":\"2025-09-22T09:02:56+00:00\",\"breadcrumb\":{\"@id\":\"https:\\\/\\\/fire-covers.de\\\/impressum\\\/#breadcrumb\"},\"inLanguage\":\"en-US\",\"potentialAction\":[{\"@type\":\"ReadAction\",\"target\":[\"https:\\\/\\\/fire-covers.de\\\/impressum\\\/\"]}]},{\"@type\":\"BreadcrumbList\",\"@id\":\"https:\\\/\\\/fire-covers.de\\\/impressum\\\/#breadcrumb\",\"itemListElement\":[{\"@type\":\"ListItem\",\"position\":1,\"name\":\"Startseite\",\"item\":\"https:\\\/\\\/fire-covers.de\\\/\"},{\"@type\":\"ListItem\",\"position\":2,\"name\":\"Impressum\"}]},{\"@type\":\"WebSite\",\"@id\":\"https:\\\/\\\/wolfgang-lfhzikgbt3.live-website.com\\\/#website\",\"url\":\"https:\\\/\\\/wolfgang-lfhzikgbt3.live-website.com\\\/\",\"name\":\"FireCovers\",\"description\":\"Innovation - Solution - Protection - Manufrakture\",\"publisher\":{\"@id\":\"https:\\\/\\\/wolfgang-lfhzikgbt3.live-website.com\\\/#organization\"},\"potentialAction\":[{\"@type\":\"SearchAction\",\"target\":{\"@type\":\"EntryPoint\",\"urlTemplate\":\"https:\\\/\\\/wolfgang-lfhzikgbt3.live-website.com\\\/?s={search_term_string}\"},\"query-input\":{\"@type\":\"PropertyValueSpecification\",\"valueRequired\":true,\"valueName\":\"search_term_string\"}}],\"inLanguage\":\"en-US\"},{\"@type\":\"Organization\",\"@id\":\"https:\\\/\\\/wolfgang-lfhzikgbt3.live-website.com\\\/#organization\",\"name\":\"FireCovers\",\"url\":\"https:\\\/\\\/wolfgang-lfhzikgbt3.live-website.com\\\/\",\"logo\":{\"@type\":\"ImageObject\",\"inLanguage\":\"en-US\",\"@id\":\"https:\\\/\\\/wolfgang-lfhzikgbt3.live-website.com\\\/#\\\/schema\\\/logo\\\/image\\\/\",\"url\":\"https:\\\/\\\/fire-covers.de\\\/wp-content\\\/uploads\\\/2025\\\/09\\\/Fire-Covers-Final2-1.jpg\",\"contentUrl\":\"https:\\\/\\\/fire-covers.de\\\/wp-content\\\/uploads\\\/2025\\\/09\\\/Fire-Covers-Final2-1.jpg\",\"width\":1600,\"height\":511,\"caption\":\"FireCovers\"},\"image\":{\"@id\":\"https:\\\/\\\/wolfgang-lfhzikgbt3.live-website.com\\\/#\\\/schema\\\/logo\\\/image\\\/\"}}]}<\/script>\n<!-- \/ Yoast SEO plugin. -->","yoast_head_json":{"title":"Impressum - FireCovers","robots":{"index":"index","follow":"follow","max-snippet":"max-snippet:-1","max-image-preview":"max-image-preview:large","max-video-preview":"max-video-preview:-1"},"canonical":"https:\/\/fire-covers.de\/en\/impressum\/","og_locale":"en_US","og_type":"article","og_title":"Impressum - FireCovers","og_description":"IMPRESSUM Fire-CoversInhaber: Wolfgang KleffNorderwieke II 7726639 WiesmoorDeutschlandE-Mail: wolfgang.kleff@gmail.comWebsite: www.fire-covers.deUmsatzsteuerbefreit nach \u00a7 19 UStG HaftungsausschlussHaftung f\u00fcr InhalteDie Inhalte dieser Website wurden mit gr\u00f6\u00dfter Sorgfalt erstellt. F\u00fcr die Richtigkeit, Vollst\u00e4ndigkeit und Aktualit\u00e4t der Inhalte \u00fcbernehme ich jedoch keine Gew\u00e4hr. Als Diensteanbieter bin ich gem\u00e4\u00df \u00a7 7 Abs. 1 TMG f\u00fcr eigene Inhalte auf diesen Seiten nach den...","og_url":"https:\/\/fire-covers.de\/en\/impressum\/","og_site_name":"FireCovers","article_modified_time":"2025-09-22T09:02:56+00:00","twitter_card":"summary_large_image","twitter_misc":{"Est. reading time":"2 minutes"},"schema":{"@context":"https:\/\/schema.org","@graph":[{"@type":"WebPage","@id":"https:\/\/fire-covers.de\/impressum\/","url":"https:\/\/fire-covers.de\/impressum\/","name":"Impressum - FireCovers","isPartOf":{"@id":"https:\/\/wolfgang-lfhzikgbt3.live-website.com\/#website"},"datePublished":"2025-09-21T19:24:25+00:00","dateModified":"2025-09-22T09:02:56+00:00","breadcrumb":{"@id":"https:\/\/fire-covers.de\/impressum\/#breadcrumb"},"inLanguage":"en-US","potentialAction":[{"@type":"ReadAction","target":["https:\/\/fire-covers.de\/impressum\/"]}]},{"@type":"BreadcrumbList","@id":"https:\/\/fire-covers.de\/impressum\/#breadcrumb","itemListElement":[{"@type":"ListItem","position":1,"name":"Startseite","item":"https:\/\/fire-covers.de\/"},{"@type":"ListItem","position":2,"name":"Impressum"}]},{"@type":"WebSite","@id":"https:\/\/wolfgang-lfhzikgbt3.live-website.com\/#website","url":"https:\/\/wolfgang-lfhzikgbt3.live-website.com\/","name":"FireCovers","description":"Innovation - Solution - Protection - Manufrakture","publisher":{"@id":"https:\/\/wolfgang-lfhzikgbt3.live-website.com\/#organization"},"potentialAction":[{"@type":"SearchAction","target":{"@type":"EntryPoint","urlTemplate":"https:\/\/wolfgang-lfhzikgbt3.live-website.com\/?s={search_term_string}"},"query-input":{"@type":"PropertyValueSpecification","valueRequired":true,"valueName":"search_term_string"}}],"inLanguage":"en-US"},{"@type":"Organization","@id":"https:\/\/wolfgang-lfhzikgbt3.live-website.com\/#organization","name":"FireCovers","url":"https:\/\/wolfgang-lfhzikgbt3.live-website.com\/","logo":{"@type":"ImageObject","inLanguage":"en-US","@id":"https:\/\/wolfgang-lfhzikgbt3.live-website.com\/#\/schema\/logo\/image\/","url":"https:\/\/fire-covers.de\/wp-content\/uploads\/2025\/09\/Fire-Covers-Final2-1.jpg","contentUrl":"https:\/\/fire-covers.de\/wp-content\/uploads\/2025\/09\/Fire-Covers-Final2-1.jpg","width":1600,"height":511,"caption":"FireCovers"},"image":{"@id":"https:\/\/wolfgang-lfhzikgbt3.live-website.com\/#\/schema\/logo\/image\/"}}]}},"_links":{"self":[{"href":"https:\/\/fire-covers.de\/en\/wp-json\/wp\/v2\/pages\/61","targetHints":{"allow":["GET"]}}],"collection":[{"href":"https:\/\/fire-covers.de\/en\/wp-json\/wp\/v2\/pages"}],"about":[{"href":"https:\/\/fire-covers.de\/en\/wp-json\/wp\/v2\/types\/page"}],"author":[{"embeddable":true,"href":"https:\/\/fire-covers.de\/en\/wp-json\/wp\/v2\/users\/1"}],"replies":[{"embeddable":true,"href":"https:\/\/fire-covers.de\/en\/wp-json\/wp\/v2\/comments?post=61"}],"version-history":[{"count":5,"href":"https:\/\/fire-covers.de\/en\/wp-json\/wp\/v2\/pages\/61\/revisions"}],"predecessor-version":[{"id":82,"href":"https:\/\/fire-covers.de\/en\/wp-json\/wp\/v2\/pages\/61\/revisions\/82"}],"wp:attachment":[{"href":"https:\/\/fire-covers.de\/en\/wp-json\/wp\/v2\/media?parent=61"}],"curies":[{"name":"wp","href":"https:\/\/api.w.org\/{rel}","templated":true}]}}